{"id":648,"date":"2023-12-28T20:32:30","date_gmt":"2023-12-28T19:32:30","guid":{"rendered":"https:\/\/bestgift.rs\/?post_type=product&#038;p=648"},"modified":"2025-10-12T16:35:01","modified_gmt":"2025-10-12T14:35:01","slug":"aluminijumske-boce-sublimacija","status":"publish","type":"product","link":"https:\/\/bestgift.rs\/index.php\/product\/aluminijumske-boce-sublimacija\/","title":{"rendered":"Aluminijumske boce &#8211; sublimacija"},"content":{"rendered":"<div>Potrebna vam je alu boca, koja je savr\u0161eno re\u0161enje za sve one koji \u017eele da u\u017eivaju u svojim omiljenim napicima gde god da se nalaze. Ono \u0161to \u010dini ovu bocu jo\u0161 posebnijom je mogu\u0107nost brendiranja po va\u0161oj \u017eelji, sa va\u0161im logom, imenom ili porukom. Mo\u017eete je koristiti za posao, teretanu, putovanja ili deca za \u0161kolu\u2026<\/div>\n<div><\/div>\n<div>&#8211; dostupne zapremine: 400 ml, 700 ml i 800 ml<\/div>\n<div>&#8211; boja: bela<\/div>\n<div>&#8211; minimalna koli\u010dina za naru\u010divanje: 1 komad<\/div>\n<div>&#8211; izrada u tehnici sublimacije<\/div>\n<div>&#8211; tekst i slika po va\u0161oj \u017eelji<\/div>\n<div><em><strong>*Na alu boce radimo \u0161tampu slika ili teksta po va\u0161oj \u017eelji<\/strong><\/em><\/div>\n","protected":false},"excerpt":{"rendered":"<div>&#8211; dostupne zapremine: 400 ml, 700 ml i 800 ml<\/div>\n<div>&#8211; boja: bela<\/div>\n<div>&#8211; minimalna koli\u010dina za naru\u010divanje: 1 komad<\/div>\n<div>&#8211; izrada u tehnici sublimacije<\/div>\n<div>&#8211; tekst i slika po va\u0161oj \u017eelji<\/div>\n<div><strong><em>*Na alu boce radimo \u0161tampu slika ili teksta po va\u0161oj \u017eelji<\/em><\/strong><\/div>\n","protected":false},"featured_media":2400,"comment_status":"open","ping_status":"closed","template":"","meta":[],"product_brand":[],"product_cat":[58,21,80],"product_tag":[],"class_list":{"0":"post-648","1":"product","2":"type-product","3":"status-publish","4":"has-post-thumbnail","6":"product_cat-aluminijumske-boce","7":"product_cat-flase","8":"product_cat-termosi-case-solje-flase","9":"wcpa_has_options","11":"first","12":"instock","13":"shipping-taxable","14":"purchasable","15":"product-type-variable"},"yoast_head":"<!-- This site is optimized with the Yoast SEO plugin v27.4 - https:\/\/yoast.com\/product\/yoast-seo-wordpress\/ -->\n<title>Aluminijumske boce - sublimacija - Best Gift<\/title>\n<meta name=\"robots\" content=\"index, follow, max-snippet:-1, max-image-preview:large, max-video-preview:-1\" \/>\n<link rel=\"canonical\" href=\"https:\/\/bestgift.rs\/index.php\/product\/aluminijumske-boce-sublimacija\/\" \/>\n<meta property=\"og:locale\" content=\"sr_RS\" \/>\n<meta property=\"og:type\" content=\"article\" \/>\n<meta property=\"og:title\" content=\"Aluminijumske boce - sublimacija - Best Gift\" \/>\n<meta property=\"og:description\" content=\"- dostupne zapremine: 400 ml, 700 ml i 800 ml - boja: bela - minimalna koli\u010dina za naru\u010divanje: 1 komad - izrada u tehnici sublimacije - tekst i slika po va\u0161oj \u017eelji *Na alu boce radimo \u0161tampu slika ili teksta po va\u0161oj \u017eelji\" \/>\n<meta property=\"og:url\" content=\"https:\/\/bestgift.rs\/index.php\/product\/aluminijumske-boce-sublimacija\/\" \/>\n<meta property=\"og:site_name\" content=\"Best Gift\" \/>\n<meta property=\"article:modified_time\" content=\"2025-10-12T14:35:01+00:00\" \/>\n<meta property=\"og:image\" content=\"https:\/\/bestgift.rs\/wp-content\/uploads\/2023\/12\/alu-boca-2.jpg\" \/>\n\t<meta property=\"og:image:width\" content=\"600\" \/>\n\t<meta property=\"og:image:height\" content=\"807\" \/>\n\t<meta property=\"og:image:type\" content=\"image\/jpeg\" \/>\n<meta name=\"twitter:card\" content=\"summary_large_image\" \/>\n<meta name=\"twitter:label1\" content=\"Procenjeno vreme \u010ditanja\" \/>\n\t<meta name=\"twitter:data1\" content=\"1 minut\" \/>\n<script type=\"application\/ld+json\" class=\"yoast-schema-graph\">{\"@context\":\"https:\\\/\\\/schema.org\",\"@graph\":[{\"@type\":\"WebPage\",\"@id\":\"https:\\\/\\\/bestgift.rs\\\/index.php\\\/product\\\/aluminijumske-boce-sublimacija\\\/\",\"url\":\"https:\\\/\\\/bestgift.rs\\\/index.php\\\/product\\\/aluminijumske-boce-sublimacija\\\/\",\"name\":\"Aluminijumske boce - sublimacija - Best Gift\",\"isPartOf\":{\"@id\":\"https:\\\/\\\/bestgift.rs\\\/#website\"},\"primaryImageOfPage\":{\"@id\":\"https:\\\/\\\/bestgift.rs\\\/index.php\\\/product\\\/aluminijumske-boce-sublimacija\\\/#primaryimage\"},\"image\":{\"@id\":\"https:\\\/\\\/bestgift.rs\\\/index.php\\\/product\\\/aluminijumske-boce-sublimacija\\\/#primaryimage\"},\"thumbnailUrl\":\"https:\\\/\\\/bestgift.rs\\\/wp-content\\\/uploads\\\/2023\\\/12\\\/alu-boca-2.jpg\",\"datePublished\":\"2023-12-28T19:32:30+00:00\",\"dateModified\":\"2025-10-12T14:35:01+00:00\",\"breadcrumb\":{\"@id\":\"https:\\\/\\\/bestgift.rs\\\/index.php\\\/product\\\/aluminijumske-boce-sublimacija\\\/#breadcrumb\"},\"inLanguage\":\"sr-RS\",\"potentialAction\":[{\"@type\":\"ReadAction\",\"target\":[\"https:\\\/\\\/bestgift.rs\\\/index.php\\\/product\\\/aluminijumske-boce-sublimacija\\\/\"]}]},{\"@type\":\"ImageObject\",\"inLanguage\":\"sr-RS\",\"@id\":\"https:\\\/\\\/bestgift.rs\\\/index.php\\\/product\\\/aluminijumske-boce-sublimacija\\\/#primaryimage\",\"url\":\"https:\\\/\\\/bestgift.rs\\\/wp-content\\\/uploads\\\/2023\\\/12\\\/alu-boca-2.jpg\",\"contentUrl\":\"https:\\\/\\\/bestgift.rs\\\/wp-content\\\/uploads\\\/2023\\\/12\\\/alu-boca-2.jpg\",\"width\":600,\"height\":807},{\"@type\":\"BreadcrumbList\",\"@id\":\"https:\\\/\\\/bestgift.rs\\\/index.php\\\/product\\\/aluminijumske-boce-sublimacija\\\/#breadcrumb\",\"itemListElement\":[{\"@type\":\"ListItem\",\"position\":1,\"name\":\"Po\u010detna\",\"item\":\"https:\\\/\\\/bestgift.rs\\\/\"},{\"@type\":\"ListItem\",\"position\":2,\"name\":\"Prodavnica\",\"item\":\"https:\\\/\\\/bestgift.rs\\\/index.php\\\/shop\\\/\"},{\"@type\":\"ListItem\",\"position\":3,\"name\":\"Aluminijumske boce &#8211; sublimacija\"}]},{\"@type\":\"WebSite\",\"@id\":\"https:\\\/\\\/bestgift.rs\\\/#website\",\"url\":\"https:\\\/\\\/bestgift.rs\\\/\",\"name\":\"Best Gift\",\"description\":\"Personalizovani pokloni\",\"publisher\":{\"@id\":\"https:\\\/\\\/bestgift.rs\\\/#organization\"},\"potentialAction\":[{\"@type\":\"SearchAction\",\"target\":{\"@type\":\"EntryPoint\",\"urlTemplate\":\"https:\\\/\\\/bestgift.rs\\\/?s={search_term_string}\"},\"query-input\":{\"@type\":\"PropertyValueSpecification\",\"valueRequired\":true,\"valueName\":\"search_term_string\"}}],\"inLanguage\":\"sr-RS\"},{\"@type\":\"Organization\",\"@id\":\"https:\\\/\\\/bestgift.rs\\\/#organization\",\"name\":\"Personalizovani pokloni\",\"url\":\"https:\\\/\\\/bestgift.rs\\\/\",\"logo\":{\"@type\":\"ImageObject\",\"inLanguage\":\"sr-RS\",\"@id\":\"https:\\\/\\\/bestgift.rs\\\/#\\\/schema\\\/logo\\\/image\\\/\",\"url\":\"https:\\\/\\\/bestgift.rs\\\/wp-content\\\/uploads\\\/2023\\\/12\\\/best-giftt-rgb-1.png\",\"contentUrl\":\"https:\\\/\\\/bestgift.rs\\\/wp-content\\\/uploads\\\/2023\\\/12\\\/best-giftt-rgb-1.png\",\"width\":390,\"height\":270,\"caption\":\"Personalizovani pokloni\"},\"image\":{\"@id\":\"https:\\\/\\\/bestgift.rs\\\/#\\\/schema\\\/logo\\\/image\\\/\"}}]}<\/script>\n<!-- \/ Yoast SEO plugin. -->","yoast_head_json":{"title":"Aluminijumske boce - sublimacija - Best Gift","robots":{"index":"index","follow":"follow","max-snippet":"max-snippet:-1","max-image-preview":"max-image-preview:large","max-video-preview":"max-video-preview:-1"},"canonical":"https:\/\/bestgift.rs\/index.php\/product\/aluminijumske-boce-sublimacija\/","og_locale":"sr_RS","og_type":"article","og_title":"Aluminijumske boce - sublimacija - Best Gift","og_description":"- dostupne zapremine: 400 ml, 700 ml i 800 ml - boja: bela - minimalna koli\u010dina za naru\u010divanje: 1 komad - izrada u tehnici sublimacije - tekst i slika po va\u0161oj \u017eelji *Na alu boce radimo \u0161tampu slika ili teksta po va\u0161oj \u017eelji","og_url":"https:\/\/bestgift.rs\/index.php\/product\/aluminijumske-boce-sublimacija\/","og_site_name":"Best Gift","article_modified_time":"2025-10-12T14:35:01+00:00","og_image":[{"width":600,"height":807,"url":"https:\/\/bestgift.rs\/wp-content\/uploads\/2023\/12\/alu-boca-2.jpg","type":"image\/jpeg"}],"twitter_card":"summary_large_image","twitter_misc":{"Procenjeno vreme \u010ditanja":"1 minut"},"schema":{"@context":"https:\/\/schema.org","@graph":[{"@type":"WebPage","@id":"https:\/\/bestgift.rs\/index.php\/product\/aluminijumske-boce-sublimacija\/","url":"https:\/\/bestgift.rs\/index.php\/product\/aluminijumske-boce-sublimacija\/","name":"Aluminijumske boce - sublimacija - Best Gift","isPartOf":{"@id":"https:\/\/bestgift.rs\/#website"},"primaryImageOfPage":{"@id":"https:\/\/bestgift.rs\/index.php\/product\/aluminijumske-boce-sublimacija\/#primaryimage"},"image":{"@id":"https:\/\/bestgift.rs\/index.php\/product\/aluminijumske-boce-sublimacija\/#primaryimage"},"thumbnailUrl":"https:\/\/bestgift.rs\/wp-content\/uploads\/2023\/12\/alu-boca-2.jpg","datePublished":"2023-12-28T19:32:30+00:00","dateModified":"2025-10-12T14:35:01+00:00","breadcrumb":{"@id":"https:\/\/bestgift.rs\/index.php\/product\/aluminijumske-boce-sublimacija\/#breadcrumb"},"inLanguage":"sr-RS","potentialAction":[{"@type":"ReadAction","target":["https:\/\/bestgift.rs\/index.php\/product\/aluminijumske-boce-sublimacija\/"]}]},{"@type":"ImageObject","inLanguage":"sr-RS","@id":"https:\/\/bestgift.rs\/index.php\/product\/aluminijumske-boce-sublimacija\/#primaryimage","url":"https:\/\/bestgift.rs\/wp-content\/uploads\/2023\/12\/alu-boca-2.jpg","contentUrl":"https:\/\/bestgift.rs\/wp-content\/uploads\/2023\/12\/alu-boca-2.jpg","width":600,"height":807},{"@type":"BreadcrumbList","@id":"https:\/\/bestgift.rs\/index.php\/product\/aluminijumske-boce-sublimacija\/#breadcrumb","itemListElement":[{"@type":"ListItem","position":1,"name":"Po\u010detna","item":"https:\/\/bestgift.rs\/"},{"@type":"ListItem","position":2,"name":"Prodavnica","item":"https:\/\/bestgift.rs\/index.php\/shop\/"},{"@type":"ListItem","position":3,"name":"Aluminijumske boce &#8211; sublimacija"}]},{"@type":"WebSite","@id":"https:\/\/bestgift.rs\/#website","url":"https:\/\/bestgift.rs\/","name":"Best Gift","description":"Personalizovani pokloni","publisher":{"@id":"https:\/\/bestgift.rs\/#organization"},"potentialAction":[{"@type":"SearchAction","target":{"@type":"EntryPoint","urlTemplate":"https:\/\/bestgift.rs\/?s={search_term_string}"},"query-input":{"@type":"PropertyValueSpecification","valueRequired":true,"valueName":"search_term_string"}}],"inLanguage":"sr-RS"},{"@type":"Organization","@id":"https:\/\/bestgift.rs\/#organization","name":"Personalizovani pokloni","url":"https:\/\/bestgift.rs\/","logo":{"@type":"ImageObject","inLanguage":"sr-RS","@id":"https:\/\/bestgift.rs\/#\/schema\/logo\/image\/","url":"https:\/\/bestgift.rs\/wp-content\/uploads\/2023\/12\/best-giftt-rgb-1.png","contentUrl":"https:\/\/bestgift.rs\/wp-content\/uploads\/2023\/12\/best-giftt-rgb-1.png","width":390,"height":270,"caption":"Personalizovani pokloni"},"image":{"@id":"https:\/\/bestgift.rs\/#\/schema\/logo\/image\/"}}]}},"jetpack_sharing_enabled":true,"wcpa_form_fields":{"wcpaData":{"product":{"product_price":1100,"price_html":"<span class=\"woocommerce-Price-amount amount\" aria-hidden=\"true\"><bdi>1.100,00&nbsp;<span class=\"woocommerce-Price-currencySymbol\">rsd<\/span><\/bdi><\/span> <span aria-hidden=\"true\">&ndash;<\/span> <span class=\"woocommerce-Price-amount amount\" aria-hidden=\"true\"><bdi>1.500,00&nbsp;<span class=\"woocommerce-Price-currencySymbol\">rsd<\/span><\/bdi><\/span><span class=\"screen-reader-text\">Raspon cena: od 1.100,00&nbsp;rsd do 1.500,00&nbsp;rsd<\/span>","original_product_price":1100,"price_including_tax":1100,"price_excluding_tax":1100,"product_id":{"parent":648,"variation":false},"is_variable":true,"stock_status":"instock","stock_quantity":null,"parent_sku":"","product_attributes":{"pa_zapremina":{"is_variation":true,"values":[]}},"custom_fields":[],"is_taxable":false,"product_name":"Aluminijumske boce - sublimacija"},"fields":{"sec_26575f768c864e":{"extra":{"key":"sec_26575f768c864e","section_id":"sec_26575f768c864e","name":"Default","status":1,"cl_rule":"show","enableCl":false,"relations":[],"toggle":true,"title_tag":"h3","show_title":false,"showPrice":"default","form_id":166,"form_rules":{"exclude_from_discount":false,"fee_label":"Fee","disp_hide_options_price":false,"disp_show_section_price":false,"disp_show_field_price":true,"layout_option":"standard","pric_use_as_fee":false,"process_fee_as":"woo_fee"},"layout_option":"standard"},"fields":[[{"active":true,"col":6,"relations":false,"cl_rule":"show","enableCl":false,"price":"","enablePrice":false,"className":"","label_position":"default","desc_position":"default","type":"text","subtype":"text","required":true,"elementId":"text_9868065131","label":"Unesite \u017eeljeni tekst ( obavezno )","name":"text_9868065131","value":"","error":false,"gt_translate_keys":["label","value"],"price_dependency":false,"cl_dependency":false}],[{"active":true,"col":6,"relations":false,"cl_rule":"show","enableCl":false,"price":"","enablePrice":false,"className":"","label_position":"default","desc_position":"default","type":"file","required":false,"elementId":"file_9872226132","name":"file_9872226132","label":"Otpremite \u017eeljenu fotografiju ( opciono )","upload_type":"ajax","uploadSize":500,"file_types":["images","docs","design"],"error":false,"allowedFileTypes":"image\/*,.doc,.docx,.xml,.dot,.docm,.dotm,.dotx,.htm,.html,.odt,.pdf,.rtf,.txt,.wps,.xps,application\/msword,application\/vnd,.psd,.eps,.ai,.indd,.raw","gt_translate_keys":["label"],"price_dependency":false,"cl_dependency":false,"value":""}],[{"active":true,"col":6,"relations":false,"cl_rule":"show","enableCl":false,"price":"","enablePrice":false,"className":"","label_position":"default","desc_position":"default","type":"radio-group","required":true,"elementId":"radio_9874640133","label":"\u017delim tekst na:","name":"radio_9874640133","values":[{"label":"\u0106irilici","value":"cirilica","selected":false,"tempId":"aco_1244","gt_translate_keys":["label"]},{"label":"Latinici","value":"latinica","selected":false,"tempId":"aco_1245","gt_translate_keys":["label"]}],"error":false,"layOut":"","checkUi":"","gt_translate_keys":["label"],"price_dependency":false,"cl_dependency":false,"value":""}],[{"active":true,"col":6,"relations":false,"cl_rule":"show","enableCl":false,"price":"","enablePrice":false,"className":"","label_position":"default","desc_position":"default","type":"radio-group","required":true,"elementId":"radio_4708963434","label":"\u017delim tekst","name":"radio_4708963434","values":[{"label":"Pisanim slovima","value":"Option - 1","selected":false,"tempId":"aco_621","gt_translate_keys":["label"]},{"label":"\u0160tampanim slovima","value":"Option - 2","selected":false,"tempId":"aco_622","gt_translate_keys":["label"]}],"layOut":"","error":false,"checkUi":"","gt_translate_keys":["label"],"price_dependency":false,"cl_dependency":false,"value":""}],[{"active":true,"col":6,"relations":false,"cl_rule":"show","enableCl":false,"price":"","enablePrice":false,"className":"","label_position":"default","desc_position":"default","type":"text","subtype":"text","required":false,"elementId":"text_9348225399","label":"Napomena","name":"text_9348225399","value":"","error":false,"gt_translate_keys":["label","value"],"price_dependency":false,"cl_dependency":false}]]}},"config":{"price_override":"","enable_recaptcha":false,"bind_quantity":false,"quantity_bind_formula":false,"disp_summ_show_option_price":true,"disp_summ_show_product_price":true,"disp_summ_show_total_price":true,"disp_summ_show_fee":false,"disp_summ_show_discount":false,"summary_title":"","options_total_label":"Options Price","total_label":"Total","options_product_label":"Product Price","fee_label":"Fee","discount_label":"Discount","has_price":true,"has_quantity_formula":false},"mc_unit":1,"tax_rate":1,"tax_rate_real":1,"discount":{"percentage":0,"fixed":0},"design":{"conf":{"LabelPosition":"above","DescPosition":"above","UploadField":"custom_1","QuantityFieldStyle":"default"},"css":{"LeftLabelWidth":"120px"}},"formulas":[],"clones":false,"cartKey":false}},"_links":{"self":[{"href":"https:\/\/bestgift.rs\/index.php\/wp-json\/wp\/v2\/product\/648","targetHints":{"allow":["GET"]}}],"collection":[{"href":"https:\/\/bestgift.rs\/index.php\/wp-json\/wp\/v2\/product"}],"about":[{"href":"https:\/\/bestgift.rs\/index.php\/wp-json\/wp\/v2\/types\/product"}],"replies":[{"embeddable":true,"href":"https:\/\/bestgift.rs\/index.php\/wp-json\/wp\/v2\/comments?post=648"}],"wp:featuredmedia":[{"embeddable":true,"href":"https:\/\/bestgift.rs\/index.php\/wp-json\/wp\/v2\/media\/2400"}],"wp:attachment":[{"href":"https:\/\/bestgift.rs\/index.php\/wp-json\/wp\/v2\/media?parent=648"}],"wp:term":[{"taxonomy":"product_brand","embeddable":true,"href":"https:\/\/bestgift.rs\/index.php\/wp-json\/wp\/v2\/product_brand?post=648"},{"taxonomy":"product_cat","embeddable":true,"href":"https:\/\/bestgift.rs\/index.php\/wp-json\/wp\/v2\/product_cat?post=648"},{"taxonomy":"product_tag","embeddable":true,"href":"https:\/\/bestgift.rs\/index.php\/wp-json\/wp\/v2\/product_tag?post=648"}],"curies":[{"name":"wp","href":"https:\/\/api.w.org\/{rel}","templated":true}]}}