{"id":3996,"date":"2026-01-24T18:39:25","date_gmt":"2026-01-24T17:39:25","guid":{"rendered":"https:\/\/bestgift.rs\/?post_type=product&#038;p=3996"},"modified":"2026-01-24T18:44:09","modified_gmt":"2026-01-24T17:44:09","slug":"3996","status":"publish","type":"product","link":"https:\/\/bestgift.rs\/index.php\/product\/3996\/","title":{"rendered":"Personalizovana hemijska u kutiji"},"content":{"rendered":"<p>Ukoliko \u017eelite prijatelju, kolegi ili saradniku da poklonite sitnicu, olovka je idealan poklon. Hemijske olovke personalizujemo laserskom gravurom, a na vama je samo da odaberete ime, logo ili neki tekst.<br \/>\n&#8211; materijal: metal<br \/>\n&#8211; dostupne boje: crna<br \/>\n&#8211; izrada: lasersko graviranje<br \/>\n&#8211; gravura po \u017eelji<br \/>\n<em><strong>*Na hemijske olovke je mogu\u0107e gravirati\u00a0 ime i prezime, naziv firme i sli\u010dno,\u00a0 a logo isklju\u010divo ukoliko je manji i staje na povr\u0161inu hemijske olovke.<\/strong><\/em><\/p>\n","protected":false},"excerpt":{"rendered":"<div>&#8211; materijal: metal<\/div>\n<div>&#8211; dostupne boje: crna<\/div>\n<div>&#8211; izrada: lasersko graviranje<\/div>\n<div>&#8211; gravura po va\u0161oj \u017eelji<\/div>\n<div><em><strong>*Na hemijske olovke je mogu\u0107e gravirati\u00a0 ime i prezime, naziv firme i sli\u010dno,\u00a0 a logo isklju\u010divo ukoliko je manji i staje na povr\u0161inu hemijske olovke.<\/strong><\/em><\/div>\n<div><\/div>\n","protected":false},"featured_media":3997,"comment_status":"open","ping_status":"closed","template":"","meta":[],"product_brand":[],"product_cat":[18],"product_tag":[],"class_list":{"0":"post-3996","1":"product","2":"type-product","3":"status-publish","4":"has-post-thumbnail","6":"product_cat-hemijske-olovke","7":"wcpa_has_options","9":"first","10":"instock","11":"shipping-taxable","12":"purchasable","13":"product-type-simple"},"yoast_head":"<!-- This site is optimized with the Yoast SEO plugin v27.4 - https:\/\/yoast.com\/product\/yoast-seo-wordpress\/ -->\n<title>Personalizovana hemijska u kutiji - Best Gift<\/title>\n<meta name=\"robots\" content=\"index, follow, max-snippet:-1, max-image-preview:large, max-video-preview:-1\" \/>\n<link rel=\"canonical\" href=\"https:\/\/bestgift.rs\/index.php\/product\/3996\/\" \/>\n<meta property=\"og:locale\" content=\"sr_RS\" \/>\n<meta property=\"og:type\" content=\"article\" \/>\n<meta property=\"og:title\" content=\"Personalizovana hemijska u kutiji - Best Gift\" \/>\n<meta property=\"og:description\" content=\"- materijal: metal - dostupne boje: crna - izrada: lasersko graviranje - gravura po va\u0161oj \u017eelji *Na hemijske olovke je mogu\u0107e gravirati\u00a0 ime i prezime, naziv firme i sli\u010dno,\u00a0 a logo isklju\u010divo ukoliko je manji i staje na povr\u0161inu hemijske olovke.\" \/>\n<meta property=\"og:url\" content=\"https:\/\/bestgift.rs\/index.php\/product\/3996\/\" \/>\n<meta property=\"og:site_name\" content=\"Best Gift\" \/>\n<meta property=\"article:modified_time\" content=\"2026-01-24T17:44:09+00:00\" \/>\n<meta property=\"og:image\" content=\"https:\/\/bestgift.rs\/wp-content\/uploads\/2026\/01\/STELA-crna-Ivica.jpg\" \/>\n\t<meta property=\"og:image:width\" content=\"566\" \/>\n\t<meta property=\"og:image:height\" content=\"600\" \/>\n\t<meta property=\"og:image:type\" content=\"image\/jpeg\" \/>\n<meta name=\"twitter:card\" content=\"summary_large_image\" \/>\n<meta name=\"twitter:label1\" content=\"Procenjeno vreme \u010ditanja\" \/>\n\t<meta name=\"twitter:data1\" content=\"1 minut\" \/>\n<script type=\"application\/ld+json\" class=\"yoast-schema-graph\">{\"@context\":\"https:\\\/\\\/schema.org\",\"@graph\":[{\"@type\":\"WebPage\",\"@id\":\"https:\\\/\\\/bestgift.rs\\\/index.php\\\/product\\\/3996\\\/\",\"url\":\"https:\\\/\\\/bestgift.rs\\\/index.php\\\/product\\\/3996\\\/\",\"name\":\"Personalizovana hemijska u kutiji - Best Gift\",\"isPartOf\":{\"@id\":\"https:\\\/\\\/bestgift.rs\\\/#website\"},\"primaryImageOfPage\":{\"@id\":\"https:\\\/\\\/bestgift.rs\\\/index.php\\\/product\\\/3996\\\/#primaryimage\"},\"image\":{\"@id\":\"https:\\\/\\\/bestgift.rs\\\/index.php\\\/product\\\/3996\\\/#primaryimage\"},\"thumbnailUrl\":\"https:\\\/\\\/bestgift.rs\\\/wp-content\\\/uploads\\\/2026\\\/01\\\/STELA-crna-Ivica.jpg\",\"datePublished\":\"2026-01-24T17:39:25+00:00\",\"dateModified\":\"2026-01-24T17:44:09+00:00\",\"breadcrumb\":{\"@id\":\"https:\\\/\\\/bestgift.rs\\\/index.php\\\/product\\\/3996\\\/#breadcrumb\"},\"inLanguage\":\"sr-RS\",\"potentialAction\":[{\"@type\":\"ReadAction\",\"target\":[\"https:\\\/\\\/bestgift.rs\\\/index.php\\\/product\\\/3996\\\/\"]}]},{\"@type\":\"ImageObject\",\"inLanguage\":\"sr-RS\",\"@id\":\"https:\\\/\\\/bestgift.rs\\\/index.php\\\/product\\\/3996\\\/#primaryimage\",\"url\":\"https:\\\/\\\/bestgift.rs\\\/wp-content\\\/uploads\\\/2026\\\/01\\\/STELA-crna-Ivica.jpg\",\"contentUrl\":\"https:\\\/\\\/bestgift.rs\\\/wp-content\\\/uploads\\\/2026\\\/01\\\/STELA-crna-Ivica.jpg\",\"width\":566,\"height\":600},{\"@type\":\"BreadcrumbList\",\"@id\":\"https:\\\/\\\/bestgift.rs\\\/index.php\\\/product\\\/3996\\\/#breadcrumb\",\"itemListElement\":[{\"@type\":\"ListItem\",\"position\":1,\"name\":\"Po\u010detna\",\"item\":\"https:\\\/\\\/bestgift.rs\\\/\"},{\"@type\":\"ListItem\",\"position\":2,\"name\":\"Prodavnica\",\"item\":\"https:\\\/\\\/bestgift.rs\\\/index.php\\\/shop\\\/\"},{\"@type\":\"ListItem\",\"position\":3,\"name\":\"Personalizovana hemijska u kutiji\"}]},{\"@type\":\"WebSite\",\"@id\":\"https:\\\/\\\/bestgift.rs\\\/#website\",\"url\":\"https:\\\/\\\/bestgift.rs\\\/\",\"name\":\"Best Gift\",\"description\":\"Personalizovani pokloni\",\"publisher\":{\"@id\":\"https:\\\/\\\/bestgift.rs\\\/#organization\"},\"potentialAction\":[{\"@type\":\"SearchAction\",\"target\":{\"@type\":\"EntryPoint\",\"urlTemplate\":\"https:\\\/\\\/bestgift.rs\\\/?s={search_term_string}\"},\"query-input\":{\"@type\":\"PropertyValueSpecification\",\"valueRequired\":true,\"valueName\":\"search_term_string\"}}],\"inLanguage\":\"sr-RS\"},{\"@type\":\"Organization\",\"@id\":\"https:\\\/\\\/bestgift.rs\\\/#organization\",\"name\":\"Personalizovani pokloni\",\"url\":\"https:\\\/\\\/bestgift.rs\\\/\",\"logo\":{\"@type\":\"ImageObject\",\"inLanguage\":\"sr-RS\",\"@id\":\"https:\\\/\\\/bestgift.rs\\\/#\\\/schema\\\/logo\\\/image\\\/\",\"url\":\"https:\\\/\\\/bestgift.rs\\\/wp-content\\\/uploads\\\/2023\\\/12\\\/best-giftt-rgb-1.png\",\"contentUrl\":\"https:\\\/\\\/bestgift.rs\\\/wp-content\\\/uploads\\\/2023\\\/12\\\/best-giftt-rgb-1.png\",\"width\":390,\"height\":270,\"caption\":\"Personalizovani pokloni\"},\"image\":{\"@id\":\"https:\\\/\\\/bestgift.rs\\\/#\\\/schema\\\/logo\\\/image\\\/\"}}]}<\/script>\n<!-- \/ Yoast SEO plugin. -->","yoast_head_json":{"title":"Personalizovana hemijska u kutiji - Best Gift","robots":{"index":"index","follow":"follow","max-snippet":"max-snippet:-1","max-image-preview":"max-image-preview:large","max-video-preview":"max-video-preview:-1"},"canonical":"https:\/\/bestgift.rs\/index.php\/product\/3996\/","og_locale":"sr_RS","og_type":"article","og_title":"Personalizovana hemijska u kutiji - Best Gift","og_description":"- materijal: metal - dostupne boje: crna - izrada: lasersko graviranje - gravura po va\u0161oj \u017eelji *Na hemijske olovke je mogu\u0107e gravirati\u00a0 ime i prezime, naziv firme i sli\u010dno,\u00a0 a logo isklju\u010divo ukoliko je manji i staje na povr\u0161inu hemijske olovke.","og_url":"https:\/\/bestgift.rs\/index.php\/product\/3996\/","og_site_name":"Best Gift","article_modified_time":"2026-01-24T17:44:09+00:00","og_image":[{"width":566,"height":600,"url":"https:\/\/bestgift.rs\/wp-content\/uploads\/2026\/01\/STELA-crna-Ivica.jpg","type":"image\/jpeg"}],"twitter_card":"summary_large_image","twitter_misc":{"Procenjeno vreme \u010ditanja":"1 minut"},"schema":{"@context":"https:\/\/schema.org","@graph":[{"@type":"WebPage","@id":"https:\/\/bestgift.rs\/index.php\/product\/3996\/","url":"https:\/\/bestgift.rs\/index.php\/product\/3996\/","name":"Personalizovana hemijska u kutiji - Best Gift","isPartOf":{"@id":"https:\/\/bestgift.rs\/#website"},"primaryImageOfPage":{"@id":"https:\/\/bestgift.rs\/index.php\/product\/3996\/#primaryimage"},"image":{"@id":"https:\/\/bestgift.rs\/index.php\/product\/3996\/#primaryimage"},"thumbnailUrl":"https:\/\/bestgift.rs\/wp-content\/uploads\/2026\/01\/STELA-crna-Ivica.jpg","datePublished":"2026-01-24T17:39:25+00:00","dateModified":"2026-01-24T17:44:09+00:00","breadcrumb":{"@id":"https:\/\/bestgift.rs\/index.php\/product\/3996\/#breadcrumb"},"inLanguage":"sr-RS","potentialAction":[{"@type":"ReadAction","target":["https:\/\/bestgift.rs\/index.php\/product\/3996\/"]}]},{"@type":"ImageObject","inLanguage":"sr-RS","@id":"https:\/\/bestgift.rs\/index.php\/product\/3996\/#primaryimage","url":"https:\/\/bestgift.rs\/wp-content\/uploads\/2026\/01\/STELA-crna-Ivica.jpg","contentUrl":"https:\/\/bestgift.rs\/wp-content\/uploads\/2026\/01\/STELA-crna-Ivica.jpg","width":566,"height":600},{"@type":"BreadcrumbList","@id":"https:\/\/bestgift.rs\/index.php\/product\/3996\/#breadcrumb","itemListElement":[{"@type":"ListItem","position":1,"name":"Po\u010detna","item":"https:\/\/bestgift.rs\/"},{"@type":"ListItem","position":2,"name":"Prodavnica","item":"https:\/\/bestgift.rs\/index.php\/shop\/"},{"@type":"ListItem","position":3,"name":"Personalizovana hemijska u kutiji"}]},{"@type":"WebSite","@id":"https:\/\/bestgift.rs\/#website","url":"https:\/\/bestgift.rs\/","name":"Best Gift","description":"Personalizovani pokloni","publisher":{"@id":"https:\/\/bestgift.rs\/#organization"},"potentialAction":[{"@type":"SearchAction","target":{"@type":"EntryPoint","urlTemplate":"https:\/\/bestgift.rs\/?s={search_term_string}"},"query-input":{"@type":"PropertyValueSpecification","valueRequired":true,"valueName":"search_term_string"}}],"inLanguage":"sr-RS"},{"@type":"Organization","@id":"https:\/\/bestgift.rs\/#organization","name":"Personalizovani pokloni","url":"https:\/\/bestgift.rs\/","logo":{"@type":"ImageObject","inLanguage":"sr-RS","@id":"https:\/\/bestgift.rs\/#\/schema\/logo\/image\/","url":"https:\/\/bestgift.rs\/wp-content\/uploads\/2023\/12\/best-giftt-rgb-1.png","contentUrl":"https:\/\/bestgift.rs\/wp-content\/uploads\/2023\/12\/best-giftt-rgb-1.png","width":390,"height":270,"caption":"Personalizovani pokloni"},"image":{"@id":"https:\/\/bestgift.rs\/#\/schema\/logo\/image\/"}}]}},"jetpack_sharing_enabled":true,"wcpa_form_fields":{"wcpaData":{"product":{"product_price":1300,"price_html":"<span class=\"woocommerce-Price-amount amount\"><bdi>1.300,00&nbsp;<span class=\"woocommerce-Price-currencySymbol\">rsd<\/span><\/bdi><\/span>","original_product_price":1300,"price_including_tax":1300,"price_excluding_tax":1300,"product_id":{"parent":3996,"variation":false},"is_variable":false,"stock_status":"instock","stock_quantity":null,"parent_sku":"","product_attributes":{"pa_boja":{"is_variation":false,"values":["crna"]}},"custom_fields":[],"is_taxable":false,"product_name":"Personalizovana hemijska u kutiji"},"fields":{"sec_96575ad23426c6":{"extra":{"key":"sec_96575ad23426c6","section_id":"sec_96575ad23426c6","name":"Default","status":1,"cl_rule":"show","enableCl":false,"relations":[],"toggle":true,"title_tag":"h3","show_title":false,"showPrice":"default","form_id":67,"form_rules":{"exclude_from_discount":false,"fee_label":"Fee","disp_hide_options_price":false,"disp_show_section_price":false,"disp_show_field_price":true,"layout_option":"standard","pric_use_as_fee":false,"process_fee_as":"woo_fee"},"layout_option":"standard"},"fields":[[{"active":true,"col":6,"relations":false,"cl_rule":"show","enableCl":false,"price":"","enablePrice":false,"className":"","label_position":"default","desc_position":"default","type":"text","subtype":"text","required":true,"elementId":"text_2108587151","label":"\u017deljeni tekst ( obavezno )","name":"text_2108587151","value":"","error":false,"gt_translate_keys":["label","value"],"price_dependency":false,"cl_dependency":false}],[{"active":true,"col":6,"relations":false,"cl_rule":"show","enableCl":false,"price":"","enablePrice":false,"className":"","label_position":"default","desc_position":"default","type":"file","required":false,"elementId":"file_0893882434","name":"file_0893882434","label":"Otpremite manju sli\u010dicu, logo ( opciono )","upload_type":"ajax","uploadSize":500,"file_types":["images","docs","design"],"error":false,"allowedFileTypes":"image\/*,.doc,.docx,.xml,.dot,.docm,.dotm,.dotx,.htm,.html,.odt,.pdf,.rtf,.txt,.wps,.xps,application\/msword,application\/vnd,.psd,.eps,.ai,.indd,.raw","gt_translate_keys":["label"],"price_dependency":false,"cl_dependency":false,"value":""}],[{"active":true,"col":6,"relations":false,"cl_rule":"show","enableCl":false,"price":"","enablePrice":false,"className":"","label_position":"default","desc_position":"default","type":"radio-group","required":true,"elementId":"radio_4276407697","label":"\u017delim tekst na:","name":"radio_4276407697","values":[{"label":"\u0106irilici","value":"cirilica","selected":false,"tempId":"aco_968","gt_translate_keys":["label"]},{"label":"Latinici","value":"latinica","selected":false,"tempId":"aco_969","gt_translate_keys":["label"]}],"layOut":"","error":false,"checkUi":"","gt_translate_keys":["label"],"price_dependency":false,"cl_dependency":false,"value":""}],[{"active":true,"col":6,"relations":false,"cl_rule":"show","enableCl":false,"price":"","enablePrice":false,"className":"","label_position":"default","desc_position":"default","type":"radio-group","required":true,"elementId":"radio_4053481456","label":"\u017delim tekst","name":"radio_4053481456","values":[{"label":"Pisanim slovima","value":"Option - 1","selected":false,"tempId":"aco_1631","gt_translate_keys":["label"]},{"label":"\u0160tampanim slovima","value":"Option - 2","selected":false,"tempId":"aco_1632","gt_translate_keys":["label"]}],"layOut":"","error":false,"checkUi":"","gt_translate_keys":["label"],"price_dependency":false,"cl_dependency":false,"value":""}],[{"active":true,"col":6,"relations":false,"cl_rule":"show","enableCl":false,"price":"","enablePrice":false,"className":"","label_position":"default","desc_position":"default","type":"text","subtype":"text","required":false,"elementId":"text_9226412179","label":"Napomena","name":"text_9226412179","value":"","error":false,"gt_translate_keys":["label","value"],"price_dependency":false,"cl_dependency":false}]]}},"config":{"price_override":"","enable_recaptcha":false,"bind_quantity":false,"quantity_bind_formula":false,"disp_summ_show_option_price":true,"disp_summ_show_product_price":true,"disp_summ_show_total_price":true,"disp_summ_show_fee":false,"disp_summ_show_discount":false,"summary_title":"","options_total_label":"Options Price","total_label":"Total","options_product_label":"Product Price","fee_label":"Fee","discount_label":"Discount","has_price":true,"has_quantity_formula":false},"mc_unit":1,"tax_rate":1,"tax_rate_real":1,"discount":{"percentage":0,"fixed":0},"design":{"conf":{"LabelPosition":"above","DescPosition":"above","UploadField":"custom_1","QuantityFieldStyle":"default"},"css":{"LeftLabelWidth":"120px"}},"formulas":[],"clones":false,"cartKey":false}},"_links":{"self":[{"href":"https:\/\/bestgift.rs\/index.php\/wp-json\/wp\/v2\/product\/3996","targetHints":{"allow":["GET"]}}],"collection":[{"href":"https:\/\/bestgift.rs\/index.php\/wp-json\/wp\/v2\/product"}],"about":[{"href":"https:\/\/bestgift.rs\/index.php\/wp-json\/wp\/v2\/types\/product"}],"replies":[{"embeddable":true,"href":"https:\/\/bestgift.rs\/index.php\/wp-json\/wp\/v2\/comments?post=3996"}],"wp:featuredmedia":[{"embeddable":true,"href":"https:\/\/bestgift.rs\/index.php\/wp-json\/wp\/v2\/media\/3997"}],"wp:attachment":[{"href":"https:\/\/bestgift.rs\/index.php\/wp-json\/wp\/v2\/media?parent=3996"}],"wp:term":[{"taxonomy":"product_brand","embeddable":true,"href":"https:\/\/bestgift.rs\/index.php\/wp-json\/wp\/v2\/product_brand?post=3996"},{"taxonomy":"product_cat","embeddable":true,"href":"https:\/\/bestgift.rs\/index.php\/wp-json\/wp\/v2\/product_cat?post=3996"},{"taxonomy":"product_tag","embeddable":true,"href":"https:\/\/bestgift.rs\/index.php\/wp-json\/wp\/v2\/product_tag?post=3996"}],"curies":[{"name":"wp","href":"https:\/\/api.w.org\/{rel}","templated":true}]}}