{"id":3713,"date":"2025-11-19T18:49:15","date_gmt":"2025-11-19T17:49:15","guid":{"rendered":"https:\/\/bestgift.rs\/?post_type=product&#038;p=3713"},"modified":"2026-03-12T23:21:37","modified_gmt":"2026-03-12T22:21:37","slug":"ikebane-od-mirisljavih-sapuna","status":"publish","type":"product","link":"https:\/\/bestgift.rs\/index.php\/product\/ikebane-od-mirisljavih-sapuna\/","title":{"rendered":"Ikebane od miri\u0161ljavih sapuna"},"content":{"rendered":"<p>Ikebane od miri\u0161ljavih sapuna-mirisni aran\u017emani koji osvajaju! Unesite dozu elegancije u svoj prostor uz ru\u010dno pravljene ikebane od miri\u0161ljavih sapuna. Svaki aran\u017eman pa\u017eljivo je oblikovan da spoji prelepe boje, ne\u017ene detalje i mirise koji opu\u0161taju i stvaraju toplu atmosferu.<br \/>\n&#8211; Dekoracija koja miri\u0161e-izgleda kao cve\u0107e, a \u0161iri prefinjen miris<br \/>\n&#8211; Ru\u010dno pravljeno-svaki komad je jedinstven<br \/>\n&#8211; Savr\u0161eno za poklon-za slavu, ro\u0111endan, godi\u0161njicu ili kao ne\u017ena pa\u017enja<br \/>\n&#8211; Idealno za stan, lokal ili kancelariju-unosi toplinu i eleganciju u svaki kutak<br \/>\n&#8211; Pretvorite prostor u mirisni kutak koji privla\u010di pogled i smiruje du\u0161u.<br \/>\n&#8211; Ikebane od miri\u0161ljavih sapuna-lepota koja traje du\u017ee od cve\u0107a<\/p>\n","protected":false},"excerpt":{"rendered":"<p>\u2013 ikebana u kerami\u010dkoj saksiji (pre\u010dnik 10 cm) 1800 din<br \/>\n\u2013 ikebana u torbici s lan\u010di\u0107em (15 x 10,5 x 10 cm) 1700 din<br \/>\n\u2013 ikebana u drvenoj korpici s ru\u010dkom (pre\u010dnik 20 cm) 2200 din<br \/>\n\u2013 ikebana u korpici bez ru\u010dke (18,5 x 12 x 9 cm) 2000 din<br \/>\n\u2013 ikebana u manjoj torbici (11,5 x 11,5 x 13 cm) 1500 din<\/p>\n","protected":false},"featured_media":4175,"comment_status":"open","ping_status":"closed","template":"","meta":[],"product_brand":[],"product_cat":[95],"product_tag":[],"class_list":{"0":"post-3713","1":"product","2":"type-product","3":"status-publish","4":"has-post-thumbnail","6":"product_cat-mirisni-sapuni","8":"first","9":"instock","10":"shipping-taxable","11":"purchasable","12":"product-type-variable"},"yoast_head":"<!-- This site is optimized with the Yoast SEO plugin v27.4 - https:\/\/yoast.com\/product\/yoast-seo-wordpress\/ -->\n<title>Ikebane od miri\u0161ljavih sapuna - Best Gift<\/title>\n<meta name=\"robots\" content=\"index, follow, max-snippet:-1, max-image-preview:large, max-video-preview:-1\" \/>\n<link rel=\"canonical\" href=\"https:\/\/bestgift.rs\/index.php\/product\/ikebane-od-mirisljavih-sapuna\/\" \/>\n<meta property=\"og:locale\" content=\"sr_RS\" \/>\n<meta property=\"og:type\" content=\"article\" \/>\n<meta property=\"og:title\" content=\"Ikebane od miri\u0161ljavih sapuna - Best Gift\" \/>\n<meta property=\"og:description\" content=\"\u2013 ikebana u kerami\u010dkoj saksiji (pre\u010dnik 10 cm) 1800 din \u2013 ikebana u torbici s lan\u010di\u0107em (15 x 10,5 x 10 cm) 1700 din \u2013 ikebana u drvenoj korpici s ru\u010dkom (pre\u010dnik 20 cm) 2200 din \u2013 ikebana u korpici bez ru\u010dke (18,5 x 12 x 9 cm) 2000 din \u2013 ikebana u manjoj torbici (11,5 x 11,5 x 13 cm) 1500 din\" \/>\n<meta property=\"og:url\" content=\"https:\/\/bestgift.rs\/index.php\/product\/ikebane-od-mirisljavih-sapuna\/\" \/>\n<meta property=\"og:site_name\" content=\"Best Gift\" \/>\n<meta property=\"article:modified_time\" content=\"2026-03-12T22:21:37+00:00\" \/>\n<meta property=\"og:image\" content=\"https:\/\/bestgift.rs\/wp-content\/uploads\/2025\/11\/korpica-drv-veca-s-ruckom.jpg\" \/>\n\t<meta property=\"og:image:width\" content=\"457\" \/>\n\t<meta property=\"og:image:height\" content=\"600\" \/>\n\t<meta property=\"og:image:type\" content=\"image\/jpeg\" \/>\n<meta name=\"twitter:card\" content=\"summary_large_image\" \/>\n<meta name=\"twitter:label1\" content=\"Procenjeno vreme \u010ditanja\" \/>\n\t<meta name=\"twitter:data1\" content=\"1 minut\" \/>\n<script type=\"application\/ld+json\" class=\"yoast-schema-graph\">{\"@context\":\"https:\\\/\\\/schema.org\",\"@graph\":[{\"@type\":\"WebPage\",\"@id\":\"https:\\\/\\\/bestgift.rs\\\/index.php\\\/product\\\/ikebane-od-mirisljavih-sapuna\\\/\",\"url\":\"https:\\\/\\\/bestgift.rs\\\/index.php\\\/product\\\/ikebane-od-mirisljavih-sapuna\\\/\",\"name\":\"Ikebane od miri\u0161ljavih sapuna - Best Gift\",\"isPartOf\":{\"@id\":\"https:\\\/\\\/bestgift.rs\\\/#website\"},\"primaryImageOfPage\":{\"@id\":\"https:\\\/\\\/bestgift.rs\\\/index.php\\\/product\\\/ikebane-od-mirisljavih-sapuna\\\/#primaryimage\"},\"image\":{\"@id\":\"https:\\\/\\\/bestgift.rs\\\/index.php\\\/product\\\/ikebane-od-mirisljavih-sapuna\\\/#primaryimage\"},\"thumbnailUrl\":\"https:\\\/\\\/bestgift.rs\\\/wp-content\\\/uploads\\\/2025\\\/11\\\/korpica-drv-veca-s-ruckom.jpg\",\"datePublished\":\"2025-11-19T17:49:15+00:00\",\"dateModified\":\"2026-03-12T22:21:37+00:00\",\"breadcrumb\":{\"@id\":\"https:\\\/\\\/bestgift.rs\\\/index.php\\\/product\\\/ikebane-od-mirisljavih-sapuna\\\/#breadcrumb\"},\"inLanguage\":\"sr-RS\",\"potentialAction\":[{\"@type\":\"ReadAction\",\"target\":[\"https:\\\/\\\/bestgift.rs\\\/index.php\\\/product\\\/ikebane-od-mirisljavih-sapuna\\\/\"]}]},{\"@type\":\"ImageObject\",\"inLanguage\":\"sr-RS\",\"@id\":\"https:\\\/\\\/bestgift.rs\\\/index.php\\\/product\\\/ikebane-od-mirisljavih-sapuna\\\/#primaryimage\",\"url\":\"https:\\\/\\\/bestgift.rs\\\/wp-content\\\/uploads\\\/2025\\\/11\\\/korpica-drv-veca-s-ruckom.jpg\",\"contentUrl\":\"https:\\\/\\\/bestgift.rs\\\/wp-content\\\/uploads\\\/2025\\\/11\\\/korpica-drv-veca-s-ruckom.jpg\",\"width\":457,\"height\":600},{\"@type\":\"BreadcrumbList\",\"@id\":\"https:\\\/\\\/bestgift.rs\\\/index.php\\\/product\\\/ikebane-od-mirisljavih-sapuna\\\/#breadcrumb\",\"itemListElement\":[{\"@type\":\"ListItem\",\"position\":1,\"name\":\"Po\u010detna\",\"item\":\"https:\\\/\\\/bestgift.rs\\\/\"},{\"@type\":\"ListItem\",\"position\":2,\"name\":\"Prodavnica\",\"item\":\"https:\\\/\\\/bestgift.rs\\\/index.php\\\/shop\\\/\"},{\"@type\":\"ListItem\",\"position\":3,\"name\":\"Ikebane od miri\u0161ljavih sapuna\"}]},{\"@type\":\"WebSite\",\"@id\":\"https:\\\/\\\/bestgift.rs\\\/#website\",\"url\":\"https:\\\/\\\/bestgift.rs\\\/\",\"name\":\"Best Gift\",\"description\":\"Personalizovani pokloni\",\"publisher\":{\"@id\":\"https:\\\/\\\/bestgift.rs\\\/#organization\"},\"potentialAction\":[{\"@type\":\"SearchAction\",\"target\":{\"@type\":\"EntryPoint\",\"urlTemplate\":\"https:\\\/\\\/bestgift.rs\\\/?s={search_term_string}\"},\"query-input\":{\"@type\":\"PropertyValueSpecification\",\"valueRequired\":true,\"valueName\":\"search_term_string\"}}],\"inLanguage\":\"sr-RS\"},{\"@type\":\"Organization\",\"@id\":\"https:\\\/\\\/bestgift.rs\\\/#organization\",\"name\":\"Personalizovani pokloni\",\"url\":\"https:\\\/\\\/bestgift.rs\\\/\",\"logo\":{\"@type\":\"ImageObject\",\"inLanguage\":\"sr-RS\",\"@id\":\"https:\\\/\\\/bestgift.rs\\\/#\\\/schema\\\/logo\\\/image\\\/\",\"url\":\"https:\\\/\\\/bestgift.rs\\\/wp-content\\\/uploads\\\/2023\\\/12\\\/best-giftt-rgb-1.png\",\"contentUrl\":\"https:\\\/\\\/bestgift.rs\\\/wp-content\\\/uploads\\\/2023\\\/12\\\/best-giftt-rgb-1.png\",\"width\":390,\"height\":270,\"caption\":\"Personalizovani pokloni\"},\"image\":{\"@id\":\"https:\\\/\\\/bestgift.rs\\\/#\\\/schema\\\/logo\\\/image\\\/\"}}]}<\/script>\n<!-- \/ Yoast SEO plugin. -->","yoast_head_json":{"title":"Ikebane od miri\u0161ljavih sapuna - Best Gift","robots":{"index":"index","follow":"follow","max-snippet":"max-snippet:-1","max-image-preview":"max-image-preview:large","max-video-preview":"max-video-preview:-1"},"canonical":"https:\/\/bestgift.rs\/index.php\/product\/ikebane-od-mirisljavih-sapuna\/","og_locale":"sr_RS","og_type":"article","og_title":"Ikebane od miri\u0161ljavih sapuna - Best Gift","og_description":"\u2013 ikebana u kerami\u010dkoj saksiji (pre\u010dnik 10 cm) 1800 din \u2013 ikebana u torbici s lan\u010di\u0107em (15 x 10,5 x 10 cm) 1700 din \u2013 ikebana u drvenoj korpici s ru\u010dkom (pre\u010dnik 20 cm) 2200 din \u2013 ikebana u korpici bez ru\u010dke (18,5 x 12 x 9 cm) 2000 din \u2013 ikebana u manjoj torbici (11,5 x 11,5 x 13 cm) 1500 din","og_url":"https:\/\/bestgift.rs\/index.php\/product\/ikebane-od-mirisljavih-sapuna\/","og_site_name":"Best Gift","article_modified_time":"2026-03-12T22:21:37+00:00","og_image":[{"width":457,"height":600,"url":"https:\/\/bestgift.rs\/wp-content\/uploads\/2025\/11\/korpica-drv-veca-s-ruckom.jpg","type":"image\/jpeg"}],"twitter_card":"summary_large_image","twitter_misc":{"Procenjeno vreme \u010ditanja":"1 minut"},"schema":{"@context":"https:\/\/schema.org","@graph":[{"@type":"WebPage","@id":"https:\/\/bestgift.rs\/index.php\/product\/ikebane-od-mirisljavih-sapuna\/","url":"https:\/\/bestgift.rs\/index.php\/product\/ikebane-od-mirisljavih-sapuna\/","name":"Ikebane od miri\u0161ljavih sapuna - Best Gift","isPartOf":{"@id":"https:\/\/bestgift.rs\/#website"},"primaryImageOfPage":{"@id":"https:\/\/bestgift.rs\/index.php\/product\/ikebane-od-mirisljavih-sapuna\/#primaryimage"},"image":{"@id":"https:\/\/bestgift.rs\/index.php\/product\/ikebane-od-mirisljavih-sapuna\/#primaryimage"},"thumbnailUrl":"https:\/\/bestgift.rs\/wp-content\/uploads\/2025\/11\/korpica-drv-veca-s-ruckom.jpg","datePublished":"2025-11-19T17:49:15+00:00","dateModified":"2026-03-12T22:21:37+00:00","breadcrumb":{"@id":"https:\/\/bestgift.rs\/index.php\/product\/ikebane-od-mirisljavih-sapuna\/#breadcrumb"},"inLanguage":"sr-RS","potentialAction":[{"@type":"ReadAction","target":["https:\/\/bestgift.rs\/index.php\/product\/ikebane-od-mirisljavih-sapuna\/"]}]},{"@type":"ImageObject","inLanguage":"sr-RS","@id":"https:\/\/bestgift.rs\/index.php\/product\/ikebane-od-mirisljavih-sapuna\/#primaryimage","url":"https:\/\/bestgift.rs\/wp-content\/uploads\/2025\/11\/korpica-drv-veca-s-ruckom.jpg","contentUrl":"https:\/\/bestgift.rs\/wp-content\/uploads\/2025\/11\/korpica-drv-veca-s-ruckom.jpg","width":457,"height":600},{"@type":"BreadcrumbList","@id":"https:\/\/bestgift.rs\/index.php\/product\/ikebane-od-mirisljavih-sapuna\/#breadcrumb","itemListElement":[{"@type":"ListItem","position":1,"name":"Po\u010detna","item":"https:\/\/bestgift.rs\/"},{"@type":"ListItem","position":2,"name":"Prodavnica","item":"https:\/\/bestgift.rs\/index.php\/shop\/"},{"@type":"ListItem","position":3,"name":"Ikebane od miri\u0161ljavih sapuna"}]},{"@type":"WebSite","@id":"https:\/\/bestgift.rs\/#website","url":"https:\/\/bestgift.rs\/","name":"Best Gift","description":"Personalizovani pokloni","publisher":{"@id":"https:\/\/bestgift.rs\/#organization"},"potentialAction":[{"@type":"SearchAction","target":{"@type":"EntryPoint","urlTemplate":"https:\/\/bestgift.rs\/?s={search_term_string}"},"query-input":{"@type":"PropertyValueSpecification","valueRequired":true,"valueName":"search_term_string"}}],"inLanguage":"sr-RS"},{"@type":"Organization","@id":"https:\/\/bestgift.rs\/#organization","name":"Personalizovani pokloni","url":"https:\/\/bestgift.rs\/","logo":{"@type":"ImageObject","inLanguage":"sr-RS","@id":"https:\/\/bestgift.rs\/#\/schema\/logo\/image\/","url":"https:\/\/bestgift.rs\/wp-content\/uploads\/2023\/12\/best-giftt-rgb-1.png","contentUrl":"https:\/\/bestgift.rs\/wp-content\/uploads\/2023\/12\/best-giftt-rgb-1.png","width":390,"height":270,"caption":"Personalizovani pokloni"},"image":{"@id":"https:\/\/bestgift.rs\/#\/schema\/logo\/image\/"}}]}},"jetpack_sharing_enabled":true,"wcpa_form_fields":null,"_links":{"self":[{"href":"https:\/\/bestgift.rs\/index.php\/wp-json\/wp\/v2\/product\/3713","targetHints":{"allow":["GET"]}}],"collection":[{"href":"https:\/\/bestgift.rs\/index.php\/wp-json\/wp\/v2\/product"}],"about":[{"href":"https:\/\/bestgift.rs\/index.php\/wp-json\/wp\/v2\/types\/product"}],"replies":[{"embeddable":true,"href":"https:\/\/bestgift.rs\/index.php\/wp-json\/wp\/v2\/comments?post=3713"}],"wp:featuredmedia":[{"embeddable":true,"href":"https:\/\/bestgift.rs\/index.php\/wp-json\/wp\/v2\/media\/4175"}],"wp:attachment":[{"href":"https:\/\/bestgift.rs\/index.php\/wp-json\/wp\/v2\/media?parent=3713"}],"wp:term":[{"taxonomy":"product_brand","embeddable":true,"href":"https:\/\/bestgift.rs\/index.php\/wp-json\/wp\/v2\/product_brand?post=3713"},{"taxonomy":"product_cat","embeddable":true,"href":"https:\/\/bestgift.rs\/index.php\/wp-json\/wp\/v2\/product_cat?post=3713"},{"taxonomy":"product_tag","embeddable":true,"href":"https:\/\/bestgift.rs\/index.php\/wp-json\/wp\/v2\/product_tag?post=3713"}],"curies":[{"name":"wp","href":"https:\/\/api.w.org\/{rel}","templated":true}]}}