{"id":3561,"date":"2025-10-12T22:59:14","date_gmt":"2025-10-12T20:59:14","guid":{"rendered":"https:\/\/bestgift.rs\/?post_type=product&#038;p=3561"},"modified":"2025-10-12T22:59:15","modified_gmt":"2025-10-12T20:59:15","slug":"poklon-set-flasa-i-case-za-konjak","status":"publish","type":"product","link":"https:\/\/bestgift.rs\/index.php\/product\/poklon-set-flasa-i-case-za-konjak\/","title":{"rendered":"Poklon set-fla\u0161a i \u010da\u0161e za konjak"},"content":{"rendered":"<p>Za trenutke koji traju &#8211; personalizovane set za konjak. Dodir elegancije, kap luksuza i va\u0161e ime ugravirano na \u010da\u0161i. Bilo da poklanjate dragoj osobi ili sebi priu\u0161tite u\u017eivanje na vi\u0161i nivo &#8211; ovo je poklon koji se pamti. Idealno za ro\u0111endane, jubileje ili poslovne poklone.<br \/>\n&#8211; fla\u0161a: 0,7 l<br \/>\n&#8211; \u010da\u0161e 2 komada: 390 ml<br \/>\n&#8211; izrada: lasersko graviranje<br \/>\n&#8211; tekst po va\u0161oj \u017eelji<br \/>\n<em><strong>* Poklon set graviramo samo s prednje strane i ljudi uglavnom tra\u017ee imena, inicijale ili manju sliku.<\/strong><\/em><\/p>\n","protected":false},"excerpt":{"rendered":"<p>&#8211; fla\u0161a: 0,7 l<br \/>\n&#8211; \u010da\u0161e 2 komada: 390 ml<br \/>\n&#8211; izrada: lasersko graviranje<br \/>\n&#8211; tekst po va\u0161oj \u017eelji<br \/>\n<em><strong>* Poklon set graviramo samo s prednje strane i ljudi uglavnom tra\u017ee imena, inicijale ili manju sliku.<\/strong><\/em><\/p>\n","protected":false},"featured_media":3562,"comment_status":"open","ping_status":"closed","template":"","meta":[],"product_brand":[],"product_cat":[69],"product_tag":[],"class_list":{"0":"post-3561","1":"product","2":"type-product","3":"status-publish","4":"has-post-thumbnail","6":"product_cat-poklon-setovi","7":"wcpa_has_options","9":"first","10":"instock","11":"shipping-taxable","12":"purchasable","13":"product-type-simple"},"yoast_head":"<!-- This site is optimized with the Yoast SEO plugin v27.4 - https:\/\/yoast.com\/product\/yoast-seo-wordpress\/ -->\n<title>Poklon set-fla\u0161a i \u010da\u0161e za konjak - Best Gift<\/title>\n<meta name=\"robots\" content=\"index, follow, max-snippet:-1, max-image-preview:large, max-video-preview:-1\" \/>\n<link rel=\"canonical\" href=\"https:\/\/bestgift.rs\/index.php\/product\/poklon-set-flasa-i-case-za-konjak\/\" \/>\n<meta property=\"og:locale\" content=\"sr_RS\" \/>\n<meta property=\"og:type\" content=\"article\" \/>\n<meta property=\"og:title\" content=\"Poklon set-fla\u0161a i \u010da\u0161e za konjak - Best Gift\" \/>\n<meta property=\"og:description\" content=\"- fla\u0161a: 0,7 l - \u010da\u0161e 2 komada: 390 ml - izrada: lasersko graviranje - tekst po va\u0161oj \u017eelji * Poklon set graviramo samo s prednje strane i ljudi uglavnom tra\u017ee imena, inicijale ili manju sliku.\" \/>\n<meta property=\"og:url\" content=\"https:\/\/bestgift.rs\/index.php\/product\/poklon-set-flasa-i-case-za-konjak\/\" \/>\n<meta property=\"og:site_name\" content=\"Best Gift\" \/>\n<meta property=\"article:modified_time\" content=\"2025-10-12T20:59:15+00:00\" \/>\n<meta property=\"og:image\" content=\"https:\/\/bestgift.rs\/wp-content\/uploads\/2025\/10\/set-za-konjak.png\" \/>\n\t<meta property=\"og:image:width\" content=\"400\" \/>\n\t<meta property=\"og:image:height\" content=\"600\" \/>\n\t<meta property=\"og:image:type\" content=\"image\/png\" \/>\n<meta name=\"twitter:card\" content=\"summary_large_image\" \/>\n<meta name=\"twitter:label1\" content=\"Procenjeno vreme \u010ditanja\" \/>\n\t<meta name=\"twitter:data1\" content=\"1 minut\" \/>\n<script type=\"application\/ld+json\" class=\"yoast-schema-graph\">{\"@context\":\"https:\\\/\\\/schema.org\",\"@graph\":[{\"@type\":\"WebPage\",\"@id\":\"https:\\\/\\\/bestgift.rs\\\/index.php\\\/product\\\/poklon-set-flasa-i-case-za-konjak\\\/\",\"url\":\"https:\\\/\\\/bestgift.rs\\\/index.php\\\/product\\\/poklon-set-flasa-i-case-za-konjak\\\/\",\"name\":\"Poklon set-fla\u0161a i \u010da\u0161e za konjak - Best Gift\",\"isPartOf\":{\"@id\":\"https:\\\/\\\/bestgift.rs\\\/#website\"},\"primaryImageOfPage\":{\"@id\":\"https:\\\/\\\/bestgift.rs\\\/index.php\\\/product\\\/poklon-set-flasa-i-case-za-konjak\\\/#primaryimage\"},\"image\":{\"@id\":\"https:\\\/\\\/bestgift.rs\\\/index.php\\\/product\\\/poklon-set-flasa-i-case-za-konjak\\\/#primaryimage\"},\"thumbnailUrl\":\"https:\\\/\\\/bestgift.rs\\\/wp-content\\\/uploads\\\/2025\\\/10\\\/set-za-konjak.png\",\"datePublished\":\"2025-10-12T20:59:14+00:00\",\"dateModified\":\"2025-10-12T20:59:15+00:00\",\"breadcrumb\":{\"@id\":\"https:\\\/\\\/bestgift.rs\\\/index.php\\\/product\\\/poklon-set-flasa-i-case-za-konjak\\\/#breadcrumb\"},\"inLanguage\":\"sr-RS\",\"potentialAction\":[{\"@type\":\"ReadAction\",\"target\":[\"https:\\\/\\\/bestgift.rs\\\/index.php\\\/product\\\/poklon-set-flasa-i-case-za-konjak\\\/\"]}]},{\"@type\":\"ImageObject\",\"inLanguage\":\"sr-RS\",\"@id\":\"https:\\\/\\\/bestgift.rs\\\/index.php\\\/product\\\/poklon-set-flasa-i-case-za-konjak\\\/#primaryimage\",\"url\":\"https:\\\/\\\/bestgift.rs\\\/wp-content\\\/uploads\\\/2025\\\/10\\\/set-za-konjak.png\",\"contentUrl\":\"https:\\\/\\\/bestgift.rs\\\/wp-content\\\/uploads\\\/2025\\\/10\\\/set-za-konjak.png\",\"width\":400,\"height\":600},{\"@type\":\"BreadcrumbList\",\"@id\":\"https:\\\/\\\/bestgift.rs\\\/index.php\\\/product\\\/poklon-set-flasa-i-case-za-konjak\\\/#breadcrumb\",\"itemListElement\":[{\"@type\":\"ListItem\",\"position\":1,\"name\":\"Po\u010detna\",\"item\":\"https:\\\/\\\/bestgift.rs\\\/\"},{\"@type\":\"ListItem\",\"position\":2,\"name\":\"Prodavnica\",\"item\":\"https:\\\/\\\/bestgift.rs\\\/index.php\\\/shop\\\/\"},{\"@type\":\"ListItem\",\"position\":3,\"name\":\"Poklon set-fla\u0161a i \u010da\u0161e za konjak\"}]},{\"@type\":\"WebSite\",\"@id\":\"https:\\\/\\\/bestgift.rs\\\/#website\",\"url\":\"https:\\\/\\\/bestgift.rs\\\/\",\"name\":\"Best Gift\",\"description\":\"Personalizovani pokloni\",\"publisher\":{\"@id\":\"https:\\\/\\\/bestgift.rs\\\/#organization\"},\"potentialAction\":[{\"@type\":\"SearchAction\",\"target\":{\"@type\":\"EntryPoint\",\"urlTemplate\":\"https:\\\/\\\/bestgift.rs\\\/?s={search_term_string}\"},\"query-input\":{\"@type\":\"PropertyValueSpecification\",\"valueRequired\":true,\"valueName\":\"search_term_string\"}}],\"inLanguage\":\"sr-RS\"},{\"@type\":\"Organization\",\"@id\":\"https:\\\/\\\/bestgift.rs\\\/#organization\",\"name\":\"Personalizovani pokloni\",\"url\":\"https:\\\/\\\/bestgift.rs\\\/\",\"logo\":{\"@type\":\"ImageObject\",\"inLanguage\":\"sr-RS\",\"@id\":\"https:\\\/\\\/bestgift.rs\\\/#\\\/schema\\\/logo\\\/image\\\/\",\"url\":\"https:\\\/\\\/bestgift.rs\\\/wp-content\\\/uploads\\\/2023\\\/12\\\/best-giftt-rgb-1.png\",\"contentUrl\":\"https:\\\/\\\/bestgift.rs\\\/wp-content\\\/uploads\\\/2023\\\/12\\\/best-giftt-rgb-1.png\",\"width\":390,\"height\":270,\"caption\":\"Personalizovani pokloni\"},\"image\":{\"@id\":\"https:\\\/\\\/bestgift.rs\\\/#\\\/schema\\\/logo\\\/image\\\/\"}}]}<\/script>\n<!-- \/ Yoast SEO plugin. -->","yoast_head_json":{"title":"Poklon set-fla\u0161a i \u010da\u0161e za konjak - Best Gift","robots":{"index":"index","follow":"follow","max-snippet":"max-snippet:-1","max-image-preview":"max-image-preview:large","max-video-preview":"max-video-preview:-1"},"canonical":"https:\/\/bestgift.rs\/index.php\/product\/poklon-set-flasa-i-case-za-konjak\/","og_locale":"sr_RS","og_type":"article","og_title":"Poklon set-fla\u0161a i \u010da\u0161e za konjak - Best Gift","og_description":"- fla\u0161a: 0,7 l - \u010da\u0161e 2 komada: 390 ml - izrada: lasersko graviranje - tekst po va\u0161oj \u017eelji * Poklon set graviramo samo s prednje strane i ljudi uglavnom tra\u017ee imena, inicijale ili manju sliku.","og_url":"https:\/\/bestgift.rs\/index.php\/product\/poklon-set-flasa-i-case-za-konjak\/","og_site_name":"Best Gift","article_modified_time":"2025-10-12T20:59:15+00:00","og_image":[{"width":400,"height":600,"url":"https:\/\/bestgift.rs\/wp-content\/uploads\/2025\/10\/set-za-konjak.png","type":"image\/png"}],"twitter_card":"summary_large_image","twitter_misc":{"Procenjeno vreme \u010ditanja":"1 minut"},"schema":{"@context":"https:\/\/schema.org","@graph":[{"@type":"WebPage","@id":"https:\/\/bestgift.rs\/index.php\/product\/poklon-set-flasa-i-case-za-konjak\/","url":"https:\/\/bestgift.rs\/index.php\/product\/poklon-set-flasa-i-case-za-konjak\/","name":"Poklon set-fla\u0161a i \u010da\u0161e za konjak - Best Gift","isPartOf":{"@id":"https:\/\/bestgift.rs\/#website"},"primaryImageOfPage":{"@id":"https:\/\/bestgift.rs\/index.php\/product\/poklon-set-flasa-i-case-za-konjak\/#primaryimage"},"image":{"@id":"https:\/\/bestgift.rs\/index.php\/product\/poklon-set-flasa-i-case-za-konjak\/#primaryimage"},"thumbnailUrl":"https:\/\/bestgift.rs\/wp-content\/uploads\/2025\/10\/set-za-konjak.png","datePublished":"2025-10-12T20:59:14+00:00","dateModified":"2025-10-12T20:59:15+00:00","breadcrumb":{"@id":"https:\/\/bestgift.rs\/index.php\/product\/poklon-set-flasa-i-case-za-konjak\/#breadcrumb"},"inLanguage":"sr-RS","potentialAction":[{"@type":"ReadAction","target":["https:\/\/bestgift.rs\/index.php\/product\/poklon-set-flasa-i-case-za-konjak\/"]}]},{"@type":"ImageObject","inLanguage":"sr-RS","@id":"https:\/\/bestgift.rs\/index.php\/product\/poklon-set-flasa-i-case-za-konjak\/#primaryimage","url":"https:\/\/bestgift.rs\/wp-content\/uploads\/2025\/10\/set-za-konjak.png","contentUrl":"https:\/\/bestgift.rs\/wp-content\/uploads\/2025\/10\/set-za-konjak.png","width":400,"height":600},{"@type":"BreadcrumbList","@id":"https:\/\/bestgift.rs\/index.php\/product\/poklon-set-flasa-i-case-za-konjak\/#breadcrumb","itemListElement":[{"@type":"ListItem","position":1,"name":"Po\u010detna","item":"https:\/\/bestgift.rs\/"},{"@type":"ListItem","position":2,"name":"Prodavnica","item":"https:\/\/bestgift.rs\/index.php\/shop\/"},{"@type":"ListItem","position":3,"name":"Poklon set-fla\u0161a i \u010da\u0161e za konjak"}]},{"@type":"WebSite","@id":"https:\/\/bestgift.rs\/#website","url":"https:\/\/bestgift.rs\/","name":"Best Gift","description":"Personalizovani pokloni","publisher":{"@id":"https:\/\/bestgift.rs\/#organization"},"potentialAction":[{"@type":"SearchAction","target":{"@type":"EntryPoint","urlTemplate":"https:\/\/bestgift.rs\/?s={search_term_string}"},"query-input":{"@type":"PropertyValueSpecification","valueRequired":true,"valueName":"search_term_string"}}],"inLanguage":"sr-RS"},{"@type":"Organization","@id":"https:\/\/bestgift.rs\/#organization","name":"Personalizovani pokloni","url":"https:\/\/bestgift.rs\/","logo":{"@type":"ImageObject","inLanguage":"sr-RS","@id":"https:\/\/bestgift.rs\/#\/schema\/logo\/image\/","url":"https:\/\/bestgift.rs\/wp-content\/uploads\/2023\/12\/best-giftt-rgb-1.png","contentUrl":"https:\/\/bestgift.rs\/wp-content\/uploads\/2023\/12\/best-giftt-rgb-1.png","width":390,"height":270,"caption":"Personalizovani pokloni"},"image":{"@id":"https:\/\/bestgift.rs\/#\/schema\/logo\/image\/"}}]}},"jetpack_sharing_enabled":true,"wcpa_form_fields":{"wcpaData":{"product":{"product_price":2600,"price_html":"<span class=\"woocommerce-Price-amount amount\"><bdi>2.600,00&nbsp;<span class=\"woocommerce-Price-currencySymbol\">rsd<\/span><\/bdi><\/span>","original_product_price":2600,"price_including_tax":2600,"price_excluding_tax":2600,"product_id":{"parent":3561,"variation":false},"is_variable":false,"stock_status":"instock","stock_quantity":null,"parent_sku":"","product_attributes":[],"custom_fields":[],"is_taxable":false,"product_name":"Poklon set-fla\u0161a i \u010da\u0161e za konjak"},"fields":{"sec_26575f768c864e":{"extra":{"key":"sec_26575f768c864e","section_id":"sec_26575f768c864e","name":"Default","status":1,"cl_rule":"show","enableCl":false,"relations":[],"toggle":true,"title_tag":"h3","show_title":false,"showPrice":"default","form_id":166,"form_rules":{"exclude_from_discount":false,"fee_label":"Fee","disp_hide_options_price":false,"disp_show_section_price":false,"disp_show_field_price":true,"layout_option":"standard","pric_use_as_fee":false,"process_fee_as":"woo_fee"},"layout_option":"standard"},"fields":[[{"active":true,"col":6,"relations":false,"cl_rule":"show","enableCl":false,"price":"","enablePrice":false,"className":"","label_position":"default","desc_position":"default","type":"text","subtype":"text","required":true,"elementId":"text_9868065131","label":"Unesite \u017eeljeni tekst ( obavezno )","name":"text_9868065131","value":"","error":false,"gt_translate_keys":["label","value"],"price_dependency":false,"cl_dependency":false}],[{"active":true,"col":6,"relations":false,"cl_rule":"show","enableCl":false,"price":"","enablePrice":false,"className":"","label_position":"default","desc_position":"default","type":"file","required":false,"elementId":"file_9872226132","name":"file_9872226132","label":"Otpremite \u017eeljenu fotografiju ( opciono )","upload_type":"ajax","uploadSize":500,"file_types":["images","docs","design"],"error":false,"allowedFileTypes":"image\/*,.doc,.docx,.xml,.dot,.docm,.dotm,.dotx,.htm,.html,.odt,.pdf,.rtf,.txt,.wps,.xps,application\/msword,application\/vnd,.psd,.eps,.ai,.indd,.raw","gt_translate_keys":["label"],"price_dependency":false,"cl_dependency":false,"value":""}],[{"active":true,"col":6,"relations":false,"cl_rule":"show","enableCl":false,"price":"","enablePrice":false,"className":"","label_position":"default","desc_position":"default","type":"radio-group","required":true,"elementId":"radio_9874640133","label":"\u017delim tekst na:","name":"radio_9874640133","values":[{"label":"\u0106irilici","value":"cirilica","selected":false,"tempId":"aco_1244","gt_translate_keys":["label"]},{"label":"Latinici","value":"latinica","selected":false,"tempId":"aco_1245","gt_translate_keys":["label"]}],"error":false,"layOut":"","checkUi":"","gt_translate_keys":["label"],"price_dependency":false,"cl_dependency":false,"value":""}],[{"active":true,"col":6,"relations":false,"cl_rule":"show","enableCl":false,"price":"","enablePrice":false,"className":"","label_position":"default","desc_position":"default","type":"radio-group","required":true,"elementId":"radio_4708963434","label":"\u017delim tekst","name":"radio_4708963434","values":[{"label":"Pisanim slovima","value":"Option - 1","selected":false,"tempId":"aco_621","gt_translate_keys":["label"]},{"label":"\u0160tampanim slovima","value":"Option - 2","selected":false,"tempId":"aco_622","gt_translate_keys":["label"]}],"layOut":"","error":false,"checkUi":"","gt_translate_keys":["label"],"price_dependency":false,"cl_dependency":false,"value":""}],[{"active":true,"col":6,"relations":false,"cl_rule":"show","enableCl":false,"price":"","enablePrice":false,"className":"","label_position":"default","desc_position":"default","type":"text","subtype":"text","required":false,"elementId":"text_9348225399","label":"Napomena","name":"text_9348225399","value":"","error":false,"gt_translate_keys":["label","value"],"price_dependency":false,"cl_dependency":false}]]}},"config":{"price_override":"","enable_recaptcha":false,"bind_quantity":false,"quantity_bind_formula":false,"disp_summ_show_option_price":true,"disp_summ_show_product_price":true,"disp_summ_show_total_price":true,"disp_summ_show_fee":false,"disp_summ_show_discount":false,"summary_title":"","options_total_label":"Options Price","total_label":"Total","options_product_label":"Product Price","fee_label":"Fee","discount_label":"Discount","has_price":true,"has_quantity_formula":false},"mc_unit":1,"tax_rate":1,"tax_rate_real":1,"discount":{"percentage":0,"fixed":0},"design":{"conf":{"LabelPosition":"above","DescPosition":"above","UploadField":"custom_1","QuantityFieldStyle":"default"},"css":{"LeftLabelWidth":"120px"}},"formulas":[],"clones":false,"cartKey":false}},"_links":{"self":[{"href":"https:\/\/bestgift.rs\/index.php\/wp-json\/wp\/v2\/product\/3561","targetHints":{"allow":["GET"]}}],"collection":[{"href":"https:\/\/bestgift.rs\/index.php\/wp-json\/wp\/v2\/product"}],"about":[{"href":"https:\/\/bestgift.rs\/index.php\/wp-json\/wp\/v2\/types\/product"}],"replies":[{"embeddable":true,"href":"https:\/\/bestgift.rs\/index.php\/wp-json\/wp\/v2\/comments?post=3561"}],"wp:featuredmedia":[{"embeddable":true,"href":"https:\/\/bestgift.rs\/index.php\/wp-json\/wp\/v2\/media\/3562"}],"wp:attachment":[{"href":"https:\/\/bestgift.rs\/index.php\/wp-json\/wp\/v2\/media?parent=3561"}],"wp:term":[{"taxonomy":"product_brand","embeddable":true,"href":"https:\/\/bestgift.rs\/index.php\/wp-json\/wp\/v2\/product_brand?post=3561"},{"taxonomy":"product_cat","embeddable":true,"href":"https:\/\/bestgift.rs\/index.php\/wp-json\/wp\/v2\/product_cat?post=3561"},{"taxonomy":"product_tag","embeddable":true,"href":"https:\/\/bestgift.rs\/index.php\/wp-json\/wp\/v2\/product_tag?post=3561"}],"curies":[{"name":"wp","href":"https:\/\/api.w.org\/{rel}","templated":true}]}}