{"id":3511,"date":"2025-10-03T21:10:57","date_gmt":"2025-10-03T19:10:57","guid":{"rendered":"https:\/\/bestgift.rs\/?post_type=product&#038;p=3511"},"modified":"2026-01-24T16:22:03","modified_gmt":"2026-01-24T15:22:03","slug":"drvena-knjiga-kutija-sa-flasom","status":"publish","type":"product","link":"https:\/\/bestgift.rs\/index.php\/product\/drvena-knjiga-kutija-sa-flasom\/","title":{"rendered":"Drvena knjiga kutija sa fla\u0161om"},"content":{"rendered":"<p>Personalizovana fla\u0161a u elegantnoj kutiji &#8211; spoj stila, luksuza i emocije. Ukoliko jo\u0161 na to dodate neku lepu poruku izdvoji\u0107ete se u moru poklona, a va\u0161a personalizovanPa kutija sa fla\u0161om \u0107e zauzeti posebno mesto u ku\u0107nom baru.<br \/>\n&#8211; dimenzije kutije spolja: 27 x 21 x 7,5 cm<br \/>\n&#8211; dimenzije unutar kutije: 25 x 17,5 x 7 cm<br \/>\n&#8211; fla\u0161a: 0,5 l (set 1); 0,7 l ( set 2) i 0,7 l ( set 3)<br \/>\n&#8211; izrada: lasersko graviranje<br \/>\n&#8211; gravura po va\u0161oj \u017eelji<br \/>\n<em><strong>* Na kutiji i na fla\u0161i graviramo kra\u0107i tekst: posvete, poruke, sre\u0107na slava, sre\u0107na godi\u0161njica, ro\u0111endan, punoletstvo, veridba &#8230;<\/strong><\/em><\/p>\n","protected":false},"excerpt":{"rendered":"<p>\u2013 dimenzije kutije spolja: 27 x 21 x 7,5 cm<br \/>\n\u2013 dimenzije unutar kutije: 25 x 17,5 x 7 cm<br \/>\n\u2013 fla\u0161a: 0,5 l ( set 1 ); 0,7 l ( set 2 ) i 0,7 l ( set 3 )<br \/>\n\u2013 izrada: lasersko graviranje<br \/>\n\u2013 gravura po va\u0161oj \u017eelji<br \/>\n\u2013 Navesti u napomeni koju kutiju s fla\u0161om \u017eelite 1, 2 ili 3<br \/>\n\u2013 Navesti u napomeni ako \u017eelite samo kutiju bez fla\u0161e (2000 din)<\/p>\n<p><em><strong>* Na kutiji i na fla\u0161i graviramo kra\u0107i tekst: posvete, poruke, sre\u0107na slava, sre\u0107na godi\u0161njica, ro\u0111endan, punoletstvo, veridba \u2026<\/strong><\/em><\/p>\n","protected":false},"featured_media":3649,"comment_status":"open","ping_status":"closed","template":"","meta":[],"product_brand":[],"product_cat":[20,65],"product_tag":[],"class_list":{"0":"post-3511","1":"product","2":"type-product","3":"status-publish","4":"has-post-thumbnail","6":"product_cat-kutije-za-pice","7":"product_cat-vinski-setovi","8":"wcpa_has_options","10":"first","11":"instock","12":"shipping-taxable","13":"purchasable","14":"product-type-simple"},"yoast_head":"<!-- This site is optimized with the Yoast SEO plugin v27.4 - https:\/\/yoast.com\/product\/yoast-seo-wordpress\/ -->\n<title>Drvena knjiga kutija sa fla\u0161om - Best Gift<\/title>\n<meta name=\"robots\" content=\"index, follow, max-snippet:-1, max-image-preview:large, max-video-preview:-1\" \/>\n<link rel=\"canonical\" href=\"https:\/\/bestgift.rs\/index.php\/product\/drvena-knjiga-kutija-sa-flasom\/\" \/>\n<meta property=\"og:locale\" content=\"sr_RS\" \/>\n<meta property=\"og:type\" content=\"article\" \/>\n<meta property=\"og:title\" content=\"Drvena knjiga kutija sa fla\u0161om - Best Gift\" \/>\n<meta property=\"og:description\" content=\"\u2013 dimenzije kutije spolja: 27 x 21 x 7,5 cm \u2013 dimenzije unutar kutije: 25 x 17,5 x 7 cm \u2013 fla\u0161a: 0,5 l ( set 1 ); 0,7 l ( set 2 ) i 0,7 l ( set 3 ) \u2013 izrada: lasersko graviranje \u2013 gravura po va\u0161oj \u017eelji \u2013 Navesti u napomeni koju kutiju s fla\u0161om \u017eelite 1, 2 ili 3 \u2013 Navesti u napomeni ako \u017eelite samo kutiju bez fla\u0161e (2000 din)  * Na kutiji i na fla\u0161i graviramo kra\u0107i tekst: posvete, poruke, sre\u0107na slava, sre\u0107na godi\u0161njica, ro\u0111endan, punoletstvo, veridba \u2026\" \/>\n<meta property=\"og:url\" content=\"https:\/\/bestgift.rs\/index.php\/product\/drvena-knjiga-kutija-sa-flasom\/\" \/>\n<meta property=\"og:site_name\" content=\"Best Gift\" \/>\n<meta property=\"article:modified_time\" content=\"2026-01-24T15:22:03+00:00\" \/>\n<meta property=\"og:image\" content=\"https:\/\/bestgift.rs\/wp-content\/uploads\/2025\/10\/kutija-knjiga-za-boema.png\" \/>\n\t<meta property=\"og:image:width\" content=\"600\" \/>\n\t<meta property=\"og:image:height\" content=\"600\" \/>\n\t<meta property=\"og:image:type\" content=\"image\/png\" \/>\n<meta name=\"twitter:card\" content=\"summary_large_image\" \/>\n<meta name=\"twitter:label1\" content=\"Procenjeno vreme \u010ditanja\" \/>\n\t<meta name=\"twitter:data1\" content=\"1 minut\" \/>\n<script type=\"application\/ld+json\" class=\"yoast-schema-graph\">{\"@context\":\"https:\\\/\\\/schema.org\",\"@graph\":[{\"@type\":\"WebPage\",\"@id\":\"https:\\\/\\\/bestgift.rs\\\/index.php\\\/product\\\/drvena-knjiga-kutija-sa-flasom\\\/\",\"url\":\"https:\\\/\\\/bestgift.rs\\\/index.php\\\/product\\\/drvena-knjiga-kutija-sa-flasom\\\/\",\"name\":\"Drvena knjiga kutija sa fla\u0161om - Best Gift\",\"isPartOf\":{\"@id\":\"https:\\\/\\\/bestgift.rs\\\/#website\"},\"primaryImageOfPage\":{\"@id\":\"https:\\\/\\\/bestgift.rs\\\/index.php\\\/product\\\/drvena-knjiga-kutija-sa-flasom\\\/#primaryimage\"},\"image\":{\"@id\":\"https:\\\/\\\/bestgift.rs\\\/index.php\\\/product\\\/drvena-knjiga-kutija-sa-flasom\\\/#primaryimage\"},\"thumbnailUrl\":\"https:\\\/\\\/bestgift.rs\\\/wp-content\\\/uploads\\\/2025\\\/10\\\/kutija-knjiga-za-boema.png\",\"datePublished\":\"2025-10-03T19:10:57+00:00\",\"dateModified\":\"2026-01-24T15:22:03+00:00\",\"breadcrumb\":{\"@id\":\"https:\\\/\\\/bestgift.rs\\\/index.php\\\/product\\\/drvena-knjiga-kutija-sa-flasom\\\/#breadcrumb\"},\"inLanguage\":\"sr-RS\",\"potentialAction\":[{\"@type\":\"ReadAction\",\"target\":[\"https:\\\/\\\/bestgift.rs\\\/index.php\\\/product\\\/drvena-knjiga-kutija-sa-flasom\\\/\"]}]},{\"@type\":\"ImageObject\",\"inLanguage\":\"sr-RS\",\"@id\":\"https:\\\/\\\/bestgift.rs\\\/index.php\\\/product\\\/drvena-knjiga-kutija-sa-flasom\\\/#primaryimage\",\"url\":\"https:\\\/\\\/bestgift.rs\\\/wp-content\\\/uploads\\\/2025\\\/10\\\/kutija-knjiga-za-boema.png\",\"contentUrl\":\"https:\\\/\\\/bestgift.rs\\\/wp-content\\\/uploads\\\/2025\\\/10\\\/kutija-knjiga-za-boema.png\",\"width\":600,\"height\":600},{\"@type\":\"BreadcrumbList\",\"@id\":\"https:\\\/\\\/bestgift.rs\\\/index.php\\\/product\\\/drvena-knjiga-kutija-sa-flasom\\\/#breadcrumb\",\"itemListElement\":[{\"@type\":\"ListItem\",\"position\":1,\"name\":\"Po\u010detna\",\"item\":\"https:\\\/\\\/bestgift.rs\\\/\"},{\"@type\":\"ListItem\",\"position\":2,\"name\":\"Prodavnica\",\"item\":\"https:\\\/\\\/bestgift.rs\\\/index.php\\\/shop\\\/\"},{\"@type\":\"ListItem\",\"position\":3,\"name\":\"Drvena knjiga kutija sa fla\u0161om\"}]},{\"@type\":\"WebSite\",\"@id\":\"https:\\\/\\\/bestgift.rs\\\/#website\",\"url\":\"https:\\\/\\\/bestgift.rs\\\/\",\"name\":\"Best Gift\",\"description\":\"Personalizovani pokloni\",\"publisher\":{\"@id\":\"https:\\\/\\\/bestgift.rs\\\/#organization\"},\"potentialAction\":[{\"@type\":\"SearchAction\",\"target\":{\"@type\":\"EntryPoint\",\"urlTemplate\":\"https:\\\/\\\/bestgift.rs\\\/?s={search_term_string}\"},\"query-input\":{\"@type\":\"PropertyValueSpecification\",\"valueRequired\":true,\"valueName\":\"search_term_string\"}}],\"inLanguage\":\"sr-RS\"},{\"@type\":\"Organization\",\"@id\":\"https:\\\/\\\/bestgift.rs\\\/#organization\",\"name\":\"Personalizovani pokloni\",\"url\":\"https:\\\/\\\/bestgift.rs\\\/\",\"logo\":{\"@type\":\"ImageObject\",\"inLanguage\":\"sr-RS\",\"@id\":\"https:\\\/\\\/bestgift.rs\\\/#\\\/schema\\\/logo\\\/image\\\/\",\"url\":\"https:\\\/\\\/bestgift.rs\\\/wp-content\\\/uploads\\\/2023\\\/12\\\/best-giftt-rgb-1.png\",\"contentUrl\":\"https:\\\/\\\/bestgift.rs\\\/wp-content\\\/uploads\\\/2023\\\/12\\\/best-giftt-rgb-1.png\",\"width\":390,\"height\":270,\"caption\":\"Personalizovani pokloni\"},\"image\":{\"@id\":\"https:\\\/\\\/bestgift.rs\\\/#\\\/schema\\\/logo\\\/image\\\/\"}}]}<\/script>\n<!-- \/ Yoast SEO plugin. -->","yoast_head_json":{"title":"Drvena knjiga kutija sa fla\u0161om - Best Gift","robots":{"index":"index","follow":"follow","max-snippet":"max-snippet:-1","max-image-preview":"max-image-preview:large","max-video-preview":"max-video-preview:-1"},"canonical":"https:\/\/bestgift.rs\/index.php\/product\/drvena-knjiga-kutija-sa-flasom\/","og_locale":"sr_RS","og_type":"article","og_title":"Drvena knjiga kutija sa fla\u0161om - Best Gift","og_description":"\u2013 dimenzije kutije spolja: 27 x 21 x 7,5 cm \u2013 dimenzije unutar kutije: 25 x 17,5 x 7 cm \u2013 fla\u0161a: 0,5 l ( set 1 ); 0,7 l ( set 2 ) i 0,7 l ( set 3 ) \u2013 izrada: lasersko graviranje \u2013 gravura po va\u0161oj \u017eelji \u2013 Navesti u napomeni koju kutiju s fla\u0161om \u017eelite 1, 2 ili 3 \u2013 Navesti u napomeni ako \u017eelite samo kutiju bez fla\u0161e (2000 din)  * Na kutiji i na fla\u0161i graviramo kra\u0107i tekst: posvete, poruke, sre\u0107na slava, sre\u0107na godi\u0161njica, ro\u0111endan, punoletstvo, veridba \u2026","og_url":"https:\/\/bestgift.rs\/index.php\/product\/drvena-knjiga-kutija-sa-flasom\/","og_site_name":"Best Gift","article_modified_time":"2026-01-24T15:22:03+00:00","og_image":[{"width":600,"height":600,"url":"https:\/\/bestgift.rs\/wp-content\/uploads\/2025\/10\/kutija-knjiga-za-boema.png","type":"image\/png"}],"twitter_card":"summary_large_image","twitter_misc":{"Procenjeno vreme \u010ditanja":"1 minut"},"schema":{"@context":"https:\/\/schema.org","@graph":[{"@type":"WebPage","@id":"https:\/\/bestgift.rs\/index.php\/product\/drvena-knjiga-kutija-sa-flasom\/","url":"https:\/\/bestgift.rs\/index.php\/product\/drvena-knjiga-kutija-sa-flasom\/","name":"Drvena knjiga kutija sa fla\u0161om - Best Gift","isPartOf":{"@id":"https:\/\/bestgift.rs\/#website"},"primaryImageOfPage":{"@id":"https:\/\/bestgift.rs\/index.php\/product\/drvena-knjiga-kutija-sa-flasom\/#primaryimage"},"image":{"@id":"https:\/\/bestgift.rs\/index.php\/product\/drvena-knjiga-kutija-sa-flasom\/#primaryimage"},"thumbnailUrl":"https:\/\/bestgift.rs\/wp-content\/uploads\/2025\/10\/kutija-knjiga-za-boema.png","datePublished":"2025-10-03T19:10:57+00:00","dateModified":"2026-01-24T15:22:03+00:00","breadcrumb":{"@id":"https:\/\/bestgift.rs\/index.php\/product\/drvena-knjiga-kutija-sa-flasom\/#breadcrumb"},"inLanguage":"sr-RS","potentialAction":[{"@type":"ReadAction","target":["https:\/\/bestgift.rs\/index.php\/product\/drvena-knjiga-kutija-sa-flasom\/"]}]},{"@type":"ImageObject","inLanguage":"sr-RS","@id":"https:\/\/bestgift.rs\/index.php\/product\/drvena-knjiga-kutija-sa-flasom\/#primaryimage","url":"https:\/\/bestgift.rs\/wp-content\/uploads\/2025\/10\/kutija-knjiga-za-boema.png","contentUrl":"https:\/\/bestgift.rs\/wp-content\/uploads\/2025\/10\/kutija-knjiga-za-boema.png","width":600,"height":600},{"@type":"BreadcrumbList","@id":"https:\/\/bestgift.rs\/index.php\/product\/drvena-knjiga-kutija-sa-flasom\/#breadcrumb","itemListElement":[{"@type":"ListItem","position":1,"name":"Po\u010detna","item":"https:\/\/bestgift.rs\/"},{"@type":"ListItem","position":2,"name":"Prodavnica","item":"https:\/\/bestgift.rs\/index.php\/shop\/"},{"@type":"ListItem","position":3,"name":"Drvena knjiga kutija sa fla\u0161om"}]},{"@type":"WebSite","@id":"https:\/\/bestgift.rs\/#website","url":"https:\/\/bestgift.rs\/","name":"Best Gift","description":"Personalizovani pokloni","publisher":{"@id":"https:\/\/bestgift.rs\/#organization"},"potentialAction":[{"@type":"SearchAction","target":{"@type":"EntryPoint","urlTemplate":"https:\/\/bestgift.rs\/?s={search_term_string}"},"query-input":{"@type":"PropertyValueSpecification","valueRequired":true,"valueName":"search_term_string"}}],"inLanguage":"sr-RS"},{"@type":"Organization","@id":"https:\/\/bestgift.rs\/#organization","name":"Personalizovani pokloni","url":"https:\/\/bestgift.rs\/","logo":{"@type":"ImageObject","inLanguage":"sr-RS","@id":"https:\/\/bestgift.rs\/#\/schema\/logo\/image\/","url":"https:\/\/bestgift.rs\/wp-content\/uploads\/2023\/12\/best-giftt-rgb-1.png","contentUrl":"https:\/\/bestgift.rs\/wp-content\/uploads\/2023\/12\/best-giftt-rgb-1.png","width":390,"height":270,"caption":"Personalizovani pokloni"},"image":{"@id":"https:\/\/bestgift.rs\/#\/schema\/logo\/image\/"}}]}},"jetpack_sharing_enabled":true,"wcpa_form_fields":{"wcpaData":{"product":{"product_price":2900,"price_html":"<span class=\"woocommerce-Price-amount amount\"><bdi>2.900,00&nbsp;<span class=\"woocommerce-Price-currencySymbol\">rsd<\/span><\/bdi><\/span>","original_product_price":2900,"price_including_tax":2900,"price_excluding_tax":2900,"product_id":{"parent":3511,"variation":false},"is_variable":false,"stock_status":"instock","stock_quantity":null,"parent_sku":"","product_attributes":[],"custom_fields":[],"is_taxable":false,"product_name":"Drvena knjiga kutija sa fla\u0161om"},"fields":{"sec_26575f768c864e":{"extra":{"key":"sec_26575f768c864e","section_id":"sec_26575f768c864e","name":"Default","status":1,"cl_rule":"show","enableCl":false,"relations":[],"toggle":true,"title_tag":"h3","show_title":false,"showPrice":"default","form_id":166,"form_rules":{"exclude_from_discount":false,"fee_label":"Fee","disp_hide_options_price":false,"disp_show_section_price":false,"disp_show_field_price":true,"layout_option":"standard","pric_use_as_fee":false,"process_fee_as":"woo_fee"},"layout_option":"standard"},"fields":[[{"active":true,"col":6,"relations":false,"cl_rule":"show","enableCl":false,"price":"","enablePrice":false,"className":"","label_position":"default","desc_position":"default","type":"text","subtype":"text","required":true,"elementId":"text_9868065131","label":"Unesite \u017eeljeni tekst ( obavezno )","name":"text_9868065131","value":"","error":false,"gt_translate_keys":["label","value"],"price_dependency":false,"cl_dependency":false}],[{"active":true,"col":6,"relations":false,"cl_rule":"show","enableCl":false,"price":"","enablePrice":false,"className":"","label_position":"default","desc_position":"default","type":"file","required":false,"elementId":"file_9872226132","name":"file_9872226132","label":"Otpremite \u017eeljenu fotografiju ( opciono )","upload_type":"ajax","uploadSize":500,"file_types":["images","docs","design"],"error":false,"allowedFileTypes":"image\/*,.doc,.docx,.xml,.dot,.docm,.dotm,.dotx,.htm,.html,.odt,.pdf,.rtf,.txt,.wps,.xps,application\/msword,application\/vnd,.psd,.eps,.ai,.indd,.raw","gt_translate_keys":["label"],"price_dependency":false,"cl_dependency":false,"value":""}],[{"active":true,"col":6,"relations":false,"cl_rule":"show","enableCl":false,"price":"","enablePrice":false,"className":"","label_position":"default","desc_position":"default","type":"radio-group","required":true,"elementId":"radio_9874640133","label":"\u017delim tekst na:","name":"radio_9874640133","values":[{"label":"\u0106irilici","value":"cirilica","selected":false,"tempId":"aco_1244","gt_translate_keys":["label"]},{"label":"Latinici","value":"latinica","selected":false,"tempId":"aco_1245","gt_translate_keys":["label"]}],"error":false,"layOut":"","checkUi":"","gt_translate_keys":["label"],"price_dependency":false,"cl_dependency":false,"value":""}],[{"active":true,"col":6,"relations":false,"cl_rule":"show","enableCl":false,"price":"","enablePrice":false,"className":"","label_position":"default","desc_position":"default","type":"radio-group","required":true,"elementId":"radio_4708963434","label":"\u017delim tekst","name":"radio_4708963434","values":[{"label":"Pisanim slovima","value":"Option - 1","selected":false,"tempId":"aco_621","gt_translate_keys":["label"]},{"label":"\u0160tampanim slovima","value":"Option - 2","selected":false,"tempId":"aco_622","gt_translate_keys":["label"]}],"layOut":"","error":false,"checkUi":"","gt_translate_keys":["label"],"price_dependency":false,"cl_dependency":false,"value":""}],[{"active":true,"col":6,"relations":false,"cl_rule":"show","enableCl":false,"price":"","enablePrice":false,"className":"","label_position":"default","desc_position":"default","type":"text","subtype":"text","required":false,"elementId":"text_9348225399","label":"Napomena","name":"text_9348225399","value":"","error":false,"gt_translate_keys":["label","value"],"price_dependency":false,"cl_dependency":false}]]}},"config":{"price_override":"","enable_recaptcha":false,"bind_quantity":false,"quantity_bind_formula":false,"disp_summ_show_option_price":true,"disp_summ_show_product_price":true,"disp_summ_show_total_price":true,"disp_summ_show_fee":false,"disp_summ_show_discount":false,"summary_title":"","options_total_label":"Options Price","total_label":"Total","options_product_label":"Product Price","fee_label":"Fee","discount_label":"Discount","has_price":true,"has_quantity_formula":false},"mc_unit":1,"tax_rate":1,"tax_rate_real":1,"discount":{"percentage":0,"fixed":0},"design":{"conf":{"LabelPosition":"above","DescPosition":"above","UploadField":"custom_1","QuantityFieldStyle":"default"},"css":{"LeftLabelWidth":"120px"}},"formulas":[],"clones":false,"cartKey":false}},"_links":{"self":[{"href":"https:\/\/bestgift.rs\/index.php\/wp-json\/wp\/v2\/product\/3511","targetHints":{"allow":["GET"]}}],"collection":[{"href":"https:\/\/bestgift.rs\/index.php\/wp-json\/wp\/v2\/product"}],"about":[{"href":"https:\/\/bestgift.rs\/index.php\/wp-json\/wp\/v2\/types\/product"}],"replies":[{"embeddable":true,"href":"https:\/\/bestgift.rs\/index.php\/wp-json\/wp\/v2\/comments?post=3511"}],"wp:featuredmedia":[{"embeddable":true,"href":"https:\/\/bestgift.rs\/index.php\/wp-json\/wp\/v2\/media\/3649"}],"wp:attachment":[{"href":"https:\/\/bestgift.rs\/index.php\/wp-json\/wp\/v2\/media?parent=3511"}],"wp:term":[{"taxonomy":"product_brand","embeddable":true,"href":"https:\/\/bestgift.rs\/index.php\/wp-json\/wp\/v2\/product_brand?post=3511"},{"taxonomy":"product_cat","embeddable":true,"href":"https:\/\/bestgift.rs\/index.php\/wp-json\/wp\/v2\/product_cat?post=3511"},{"taxonomy":"product_tag","embeddable":true,"href":"https:\/\/bestgift.rs\/index.php\/wp-json\/wp\/v2\/product_tag?post=3511"}],"curies":[{"name":"wp","href":"https:\/\/api.w.org\/{rel}","templated":true}]}}